{"id":3002,"date":"2022-04-08T18:28:02","date_gmt":"2022-04-08T16:28:02","guid":{"rendered":"https:\/\/www.afapa.eu\/?page_id=3002"},"modified":"2023-09-05T14:49:48","modified_gmt":"2023-09-05T12:49:48","slug":"missions","status":"publish","type":"page","link":"https:\/\/www.afapa.eu\/en\/missions\/","title":{"rendered":"Missions"},"content":{"rendered":"<div data-elementor-type=\"wp-page\" data-elementor-id=\"3002\" class=\"elementor elementor-3002\">\n\t\t\t\t\t\t<section class=\"elementor-section elementor-top-section elementor-element elementor-element-7634a19 elementor-section-boxed elementor-section-height-default elementor-section-height-default\" data-id=\"7634a19\" data-element_type=\"section\" data-e-type=\"section\" data-settings=\"{&quot;dotlife_ext_is_background_parallax&quot;:&quot;false&quot;,&quot;dotlife_ext_is_background_backdrop&quot;:&quot;false&quot;}\">\n\t\t\t\t\t\t<div class=\"elementor-container elementor-column-gap-default\">\n\t\t\t\t\t<div class=\"elementor-column elementor-col-100 elementor-top-column elementor-element elementor-element-0968784\" data-id=\"0968784\" data-element_type=\"column\" data-e-type=\"column\" data-settings=\"{&quot;dotlife_ext_link_sidemenu&quot;:&quot;false&quot;,&quot;dotlife_ext_link_fullmenu&quot;:&quot;false&quot;,&quot;dotlife_ext_link_closed_fullmenu&quot;:&quot;false&quot;,&quot;dotlife_ext_is_scrollme&quot;:&quot;false&quot;,&quot;dotlife_ext_is_smoove&quot;:&quot;false&quot;,&quot;dotlife_ext_is_parallax_mouse&quot;:&quot;false&quot;,&quot;dotlife_ext_is_infinite&quot;:&quot;false&quot;,&quot;dotlife_ext_is_fadeout_animation&quot;:&quot;false&quot;,&quot;dotlife_ext_mobile_static&quot;:&quot;false&quot;}\">\n\t\t\t<div class=\"elementor-widget-wrap elementor-element-populated\">\n\t\t\t\t\t\t<div class=\"elementor-element elementor-element-2b71deb elementor-widget elementor-widget-image\" data-id=\"2b71deb\" data-element_type=\"widget\" data-e-type=\"widget\" data-settings=\"{&quot;dotlife_image_is_animation&quot;:&quot;false&quot;,&quot;dotlife_ext_link_sidemenu&quot;:&quot;false&quot;,&quot;dotlife_ext_link_fullmenu&quot;:&quot;false&quot;,&quot;dotlife_ext_link_closed_fullmenu&quot;:&quot;false&quot;,&quot;dotlife_ext_is_scrollme&quot;:&quot;false&quot;,&quot;dotlife_ext_is_smoove&quot;:&quot;false&quot;,&quot;dotlife_ext_is_parallax_mouse&quot;:&quot;false&quot;,&quot;dotlife_ext_is_infinite&quot;:&quot;false&quot;,&quot;dotlife_ext_is_fadeout_animation&quot;:&quot;false&quot;,&quot;dotlife_ext_mobile_static&quot;:&quot;false&quot;}\" data-widget_type=\"image.default\">\n\t\t\t\t<div class=\"elementor-widget-container\">\n\t\t\t\t\t\t\t\t\t\t\t\t\t\t\t<img fetchpriority=\"high\" decoding=\"async\" width=\"300\" height=\"225\" src=\"https:\/\/www.afapa.eu\/wp-content\/uploads\/2023\/07\/bows-and-arrows-g186a5a9f2_1280-300x225.jpg\" class=\"attachment-medium size-medium wp-image-4012\" alt=\"\" srcset=\"https:\/\/www.afapa.eu\/wp-content\/uploads\/2023\/07\/bows-and-arrows-g186a5a9f2_1280-300x225.jpg 300w, https:\/\/www.afapa.eu\/wp-content\/uploads\/2023\/07\/bows-and-arrows-g186a5a9f2_1280-1024x768.jpg 1024w, https:\/\/www.afapa.eu\/wp-content\/uploads\/2023\/07\/bows-and-arrows-g186a5a9f2_1280-768x576.jpg 768w, https:\/\/www.afapa.eu\/wp-content\/uploads\/2023\/07\/bows-and-arrows-g186a5a9f2_1280-440x330.jpg 440w, https:\/\/www.afapa.eu\/wp-content\/uploads\/2023\/07\/bows-and-arrows-g186a5a9f2_1280.jpg 1280w\" sizes=\"(max-width: 300px) 100vw, 300px\" \/>\t\t\t\t\t\t\t\t\t\t\t\t\t\t\t<\/div>\n\t\t\t\t<\/div>\n\t\t\t\t\t<\/div>\n\t\t<\/div>\n\t\t\t\t\t<\/div>\n\t\t<\/section>\n\t\t\t\t<section class=\"elementor-section elementor-top-section elementor-element elementor-element-352457b5 elementor-section-boxed elementor-section-height-default elementor-section-height-default\" data-id=\"352457b5\" data-element_type=\"section\" data-e-type=\"section\" data-settings=\"{&quot;dotlife_ext_is_background_parallax&quot;:&quot;false&quot;,&quot;dotlife_ext_is_background_backdrop&quot;:&quot;false&quot;}\">\n\t\t\t\t\t\t<div class=\"elementor-container elementor-column-gap-default\">\n\t\t\t\t\t<div class=\"elementor-column elementor-col-100 elementor-top-column elementor-element elementor-element-1ac3ec89\" data-id=\"1ac3ec89\" data-element_type=\"column\" data-e-type=\"column\" data-settings=\"{&quot;dotlife_ext_link_sidemenu&quot;:&quot;false&quot;,&quot;dotlife_ext_link_fullmenu&quot;:&quot;false&quot;,&quot;dotlife_ext_link_closed_fullmenu&quot;:&quot;false&quot;,&quot;dotlife_ext_is_scrollme&quot;:&quot;false&quot;,&quot;dotlife_ext_is_smoove&quot;:&quot;false&quot;,&quot;dotlife_ext_is_parallax_mouse&quot;:&quot;false&quot;,&quot;dotlife_ext_is_infinite&quot;:&quot;false&quot;,&quot;dotlife_ext_is_fadeout_animation&quot;:&quot;false&quot;,&quot;dotlife_ext_mobile_static&quot;:&quot;false&quot;}\">\n\t\t\t<div class=\"elementor-widget-wrap elementor-element-populated\">\n\t\t\t\t\t\t<div class=\"elementor-element elementor-element-11253501 elementor-widget elementor-widget-text-editor\" data-id=\"11253501\" data-element_type=\"widget\" data-e-type=\"widget\" data-settings=\"{&quot;dotlife_ext_link_sidemenu&quot;:&quot;false&quot;,&quot;dotlife_ext_link_fullmenu&quot;:&quot;false&quot;,&quot;dotlife_ext_link_closed_fullmenu&quot;:&quot;false&quot;,&quot;dotlife_ext_is_scrollme&quot;:&quot;false&quot;,&quot;dotlife_ext_is_smoove&quot;:&quot;false&quot;,&quot;dotlife_ext_is_parallax_mouse&quot;:&quot;false&quot;,&quot;dotlife_ext_is_infinite&quot;:&quot;false&quot;,&quot;dotlife_ext_is_fadeout_animation&quot;:&quot;false&quot;,&quot;dotlife_ext_mobile_static&quot;:&quot;false&quot;}\" data-widget_type=\"text-editor.default\">\n\t\t\t\t<div class=\"elementor-widget-container\">\n\t\t\t\t\t\t\t\t\t\n<p>L&rsquo;AFAPA a pour but de d\u00e9velopper, de promouvoir et de d\u00e9fendre le domaine Activit\u00e9 Physique Adapt\u00e9e (APA), ses d\u00e9terminants et ses d\u00e9veloppements (promotion de la sant\u00e9 par l\u2019Activit\u00e9 Physique en relation avec les secteurs d\u2019intervention, programmes et politiques publiques sur le sport et la sant\u00e9, int\u00e9gration sociale, r\u00e9duction des in\u00e9galit\u00e9s, etc.).<\/p>\n\n\n\n<p>\u00c0 ce titre :<\/p>\n\n\n\n<ul class=\"wp-block-list\">\n<li>elle favorise le d\u00e9veloppement et la diffusion des connaissances p\u00e9dagogiques, techniques, scientifiques et \u00e9thiques se rattachant au domaine APA<\/li>\n\n\n\n<li>elle organise des colloques ou congr\u00e8s en APA dont les Journ\u00e9es Francophones en APA<\/li>\n\n\n\n<li>elle assure des missions d\u2019expertise relatives aux formations en APA-Sant\u00e9 et aux m\u00e9tiers aff\u00e9rents<\/li>\n\n\n\n<li>elle a vocation \u00e0 \u00eatre un interlocuteur aupr\u00e8s de toute structure impliqu\u00e9e dans l\u2019utilisation de l\u2019Activit\u00e9 Physique aupr\u00e8s de personnes ayant des besoins sp\u00e9cifiques qui les emp\u00eachent de pratiquer dans des conditions ordinaires &#8211; elle fournit une aide et des informations juridiques relatives aux formations en APA-Sant\u00e9 et aux m\u00e9tiers aff\u00e9rents<\/li>\n\n\n\n<li>elle d\u00e9veloppe la formation continue dans le domaine APA.<\/li>\n<\/ul>\n\t\t\t\t\t\t\t\t<\/div>\n\t\t\t\t<\/div>\n\t\t\t\t\t<\/div>\n\t\t<\/div>\n\t\t\t\t\t<\/div>\n\t\t<\/section>\n\t\t\t\t<\/div>","protected":false},"excerpt":{"rendered":"<p>L&rsquo;AFAPA a pour but de d\u00e9velopper, de promouvoir et de d\u00e9fendre le domaine Activit\u00e9 Physique Adapt\u00e9e (APA), ses d\u00e9terminants et ses d\u00e9veloppements (promotion de la sant\u00e9 par l\u2019Activit\u00e9 Physique en relation avec les secteurs d\u2019intervention, programmes et politiques publiques sur [&hellip;]<\/p>\n","protected":false},"author":1,"featured_media":0,"parent":0,"menu_order":0,"comment_status":"closed","ping_status":"closed","template":"","meta":{"footnotes":""},"class_list":["post-3002","page","type-page","status-publish","hentry"],"yoast_head":"<!-- This site is optimized with the Yoast SEO plugin v27.4 - https:\/\/yoast.com\/product\/yoast-seo-wordpress\/ -->\n<title>Missions - AFAPA<\/title>\n<meta name=\"description\" content=\"L\u2019AFAPA a pour but de d\u00e9velopper, promouvoir et d\u00e9fendre le domaine Activit\u00e9 Physique Adapt\u00e9e (APA), ses d\u00e9terminants et d\u00e9veloppements...\" \/>\n<meta name=\"robots\" content=\"index, follow, max-snippet:-1, max-image-preview:large, max-video-preview:-1\" \/>\n<link rel=\"canonical\" href=\"https:\/\/www.afapa.eu\/en\/missions\/\" \/>\n<meta property=\"og:locale\" content=\"en_GB\" \/>\n<meta property=\"og:type\" content=\"article\" \/>\n<meta property=\"og:title\" content=\"Missions - AFAPA\" \/>\n<meta property=\"og:description\" content=\"L\u2019AFAPA a pour but de d\u00e9velopper, promouvoir et d\u00e9fendre le domaine Activit\u00e9 Physique Adapt\u00e9e (APA), ses d\u00e9terminants et d\u00e9veloppements...\" \/>\n<meta property=\"og:url\" content=\"https:\/\/www.afapa.eu\/en\/missions\/\" \/>\n<meta property=\"og:site_name\" content=\"AFAPA\" \/>\n<meta property=\"article:modified_time\" content=\"2023-09-05T12:49:48+00:00\" \/>\n<meta property=\"og:image\" content=\"https:\/\/www.afapa.eu\/wp-content\/uploads\/2023\/07\/bows-and-arrows-g186a5a9f2_1280-300x225.jpg\" \/>\n<meta name=\"twitter:card\" content=\"summary_large_image\" \/>\n<meta name=\"twitter:label1\" content=\"Estimated reading time\" \/>\n\t<meta name=\"twitter:data1\" content=\"2 minutes\" \/>\n<script type=\"application\/ld+json\" class=\"yoast-schema-graph\">{\"@context\":\"https:\\\/\\\/schema.org\",\"@graph\":[{\"@type\":\"WebPage\",\"@id\":\"https:\\\/\\\/www.afapa.eu\\\/missions\\\/\",\"url\":\"https:\\\/\\\/www.afapa.eu\\\/missions\\\/\",\"name\":\"Missions - AFAPA\",\"isPartOf\":{\"@id\":\"https:\\\/\\\/www.afapa.eu\\\/#website\"},\"primaryImageOfPage\":{\"@id\":\"https:\\\/\\\/www.afapa.eu\\\/missions\\\/#primaryimage\"},\"image\":{\"@id\":\"https:\\\/\\\/www.afapa.eu\\\/missions\\\/#primaryimage\"},\"thumbnailUrl\":\"https:\\\/\\\/www.afapa.eu\\\/wp-content\\\/uploads\\\/2023\\\/07\\\/bows-and-arrows-g186a5a9f2_1280-300x225.jpg\",\"datePublished\":\"2022-04-08T16:28:02+00:00\",\"dateModified\":\"2023-09-05T12:49:48+00:00\",\"description\":\"L\u2019AFAPA a pour but de d\u00e9velopper, promouvoir et d\u00e9fendre le domaine Activit\u00e9 Physique Adapt\u00e9e (APA), ses d\u00e9terminants et d\u00e9veloppements...\",\"breadcrumb\":{\"@id\":\"https:\\\/\\\/www.afapa.eu\\\/missions\\\/#breadcrumb\"},\"inLanguage\":\"en-GB\",\"potentialAction\":[{\"@type\":\"ReadAction\",\"target\":[\"https:\\\/\\\/www.afapa.eu\\\/missions\\\/\"]}]},{\"@type\":\"ImageObject\",\"inLanguage\":\"en-GB\",\"@id\":\"https:\\\/\\\/www.afapa.eu\\\/missions\\\/#primaryimage\",\"url\":\"https:\\\/\\\/www.afapa.eu\\\/wp-content\\\/uploads\\\/2023\\\/07\\\/bows-and-arrows-g186a5a9f2_1280-300x225.jpg\",\"contentUrl\":\"https:\\\/\\\/www.afapa.eu\\\/wp-content\\\/uploads\\\/2023\\\/07\\\/bows-and-arrows-g186a5a9f2_1280-300x225.jpg\"},{\"@type\":\"BreadcrumbList\",\"@id\":\"https:\\\/\\\/www.afapa.eu\\\/missions\\\/#breadcrumb\",\"itemListElement\":[{\"@type\":\"ListItem\",\"position\":1,\"name\":\"Accueil\",\"item\":\"https:\\\/\\\/www.afapa.eu\\\/\"},{\"@type\":\"ListItem\",\"position\":2,\"name\":\"Missions\"}]},{\"@type\":\"WebSite\",\"@id\":\"https:\\\/\\\/www.afapa.eu\\\/#website\",\"url\":\"https:\\\/\\\/www.afapa.eu\\\/\",\"name\":\"AFAPA\",\"description\":\"Bienvenue sur le site de l&#039;AFAPA\",\"publisher\":{\"@id\":\"https:\\\/\\\/www.afapa.eu\\\/#organization\"},\"potentialAction\":[{\"@type\":\"SearchAction\",\"target\":{\"@type\":\"EntryPoint\",\"urlTemplate\":\"https:\\\/\\\/www.afapa.eu\\\/?s={search_term_string}\"},\"query-input\":{\"@type\":\"PropertyValueSpecification\",\"valueRequired\":true,\"valueName\":\"search_term_string\"}}],\"inLanguage\":\"en-GB\"},{\"@type\":\"Organization\",\"@id\":\"https:\\\/\\\/www.afapa.eu\\\/#organization\",\"name\":\"AFAPA\",\"alternateName\":\"AFAPA\",\"url\":\"https:\\\/\\\/www.afapa.eu\\\/\",\"logo\":{\"@type\":\"ImageObject\",\"inLanguage\":\"en-GB\",\"@id\":\"https:\\\/\\\/www.afapa.eu\\\/#\\\/schema\\\/logo\\\/image\\\/\",\"url\":\"https:\\\/\\\/www.afapa.eu\\\/wp-content\\\/uploads\\\/2023\\\/03\\\/logo_afapa.png\",\"contentUrl\":\"https:\\\/\\\/www.afapa.eu\\\/wp-content\\\/uploads\\\/2023\\\/03\\\/logo_afapa.png\",\"width\":1206,\"height\":390,\"caption\":\"AFAPA\"},\"image\":{\"@id\":\"https:\\\/\\\/www.afapa.eu\\\/#\\\/schema\\\/logo\\\/image\\\/\"}}]}<\/script>\n<!-- \/ Yoast SEO plugin. -->","yoast_head_json":{"title":"Missions - AFAPA","description":"L\u2019AFAPA a pour but de d\u00e9velopper, promouvoir et d\u00e9fendre le domaine Activit\u00e9 Physique Adapt\u00e9e (APA), ses d\u00e9terminants et d\u00e9veloppements...","robots":{"index":"index","follow":"follow","max-snippet":"max-snippet:-1","max-image-preview":"max-image-preview:large","max-video-preview":"max-video-preview:-1"},"canonical":"https:\/\/www.afapa.eu\/en\/missions\/","og_locale":"en_GB","og_type":"article","og_title":"Missions - AFAPA","og_description":"L\u2019AFAPA a pour but de d\u00e9velopper, promouvoir et d\u00e9fendre le domaine Activit\u00e9 Physique Adapt\u00e9e (APA), ses d\u00e9terminants et d\u00e9veloppements...","og_url":"https:\/\/www.afapa.eu\/en\/missions\/","og_site_name":"AFAPA","article_modified_time":"2023-09-05T12:49:48+00:00","og_image":[{"url":"https:\/\/www.afapa.eu\/wp-content\/uploads\/2023\/07\/bows-and-arrows-g186a5a9f2_1280-300x225.jpg","type":"","width":"","height":""}],"twitter_card":"summary_large_image","twitter_misc":{"Estimated reading time":"2 minutes"},"schema":{"@context":"https:\/\/schema.org","@graph":[{"@type":"WebPage","@id":"https:\/\/www.afapa.eu\/missions\/","url":"https:\/\/www.afapa.eu\/missions\/","name":"Missions - AFAPA","isPartOf":{"@id":"https:\/\/www.afapa.eu\/#website"},"primaryImageOfPage":{"@id":"https:\/\/www.afapa.eu\/missions\/#primaryimage"},"image":{"@id":"https:\/\/www.afapa.eu\/missions\/#primaryimage"},"thumbnailUrl":"https:\/\/www.afapa.eu\/wp-content\/uploads\/2023\/07\/bows-and-arrows-g186a5a9f2_1280-300x225.jpg","datePublished":"2022-04-08T16:28:02+00:00","dateModified":"2023-09-05T12:49:48+00:00","description":"L\u2019AFAPA a pour but de d\u00e9velopper, promouvoir et d\u00e9fendre le domaine Activit\u00e9 Physique Adapt\u00e9e (APA), ses d\u00e9terminants et d\u00e9veloppements...","breadcrumb":{"@id":"https:\/\/www.afapa.eu\/missions\/#breadcrumb"},"inLanguage":"en-GB","potentialAction":[{"@type":"ReadAction","target":["https:\/\/www.afapa.eu\/missions\/"]}]},{"@type":"ImageObject","inLanguage":"en-GB","@id":"https:\/\/www.afapa.eu\/missions\/#primaryimage","url":"https:\/\/www.afapa.eu\/wp-content\/uploads\/2023\/07\/bows-and-arrows-g186a5a9f2_1280-300x225.jpg","contentUrl":"https:\/\/www.afapa.eu\/wp-content\/uploads\/2023\/07\/bows-and-arrows-g186a5a9f2_1280-300x225.jpg"},{"@type":"BreadcrumbList","@id":"https:\/\/www.afapa.eu\/missions\/#breadcrumb","itemListElement":[{"@type":"ListItem","position":1,"name":"Accueil","item":"https:\/\/www.afapa.eu\/"},{"@type":"ListItem","position":2,"name":"Missions"}]},{"@type":"WebSite","@id":"https:\/\/www.afapa.eu\/#website","url":"https:\/\/www.afapa.eu\/","name":"AFAPA","description":"Bienvenue sur le site de l&#039;AFAPA","publisher":{"@id":"https:\/\/www.afapa.eu\/#organization"},"potentialAction":[{"@type":"SearchAction","target":{"@type":"EntryPoint","urlTemplate":"https:\/\/www.afapa.eu\/?s={search_term_string}"},"query-input":{"@type":"PropertyValueSpecification","valueRequired":true,"valueName":"search_term_string"}}],"inLanguage":"en-GB"},{"@type":"Organization","@id":"https:\/\/www.afapa.eu\/#organization","name":"AFAPA","alternateName":"AFAPA","url":"https:\/\/www.afapa.eu\/","logo":{"@type":"ImageObject","inLanguage":"en-GB","@id":"https:\/\/www.afapa.eu\/#\/schema\/logo\/image\/","url":"https:\/\/www.afapa.eu\/wp-content\/uploads\/2023\/03\/logo_afapa.png","contentUrl":"https:\/\/www.afapa.eu\/wp-content\/uploads\/2023\/03\/logo_afapa.png","width":1206,"height":390,"caption":"AFAPA"},"image":{"@id":"https:\/\/www.afapa.eu\/#\/schema\/logo\/image\/"}}]}},"_links":{"self":[{"href":"https:\/\/www.afapa.eu\/en\/wp-json\/wp\/v2\/pages\/3002","targetHints":{"allow":["GET"]}}],"collection":[{"href":"https:\/\/www.afapa.eu\/en\/wp-json\/wp\/v2\/pages"}],"about":[{"href":"https:\/\/www.afapa.eu\/en\/wp-json\/wp\/v2\/types\/page"}],"author":[{"embeddable":true,"href":"https:\/\/www.afapa.eu\/en\/wp-json\/wp\/v2\/users\/1"}],"replies":[{"embeddable":true,"href":"https:\/\/www.afapa.eu\/en\/wp-json\/wp\/v2\/comments?post=3002"}],"version-history":[{"count":7,"href":"https:\/\/www.afapa.eu\/en\/wp-json\/wp\/v2\/pages\/3002\/revisions"}],"predecessor-version":[{"id":4369,"href":"https:\/\/www.afapa.eu\/en\/wp-json\/wp\/v2\/pages\/3002\/revisions\/4369"}],"wp:attachment":[{"href":"https:\/\/www.afapa.eu\/en\/wp-json\/wp\/v2\/media?parent=3002"}],"curies":[{"name":"wp","href":"https:\/\/api.w.org\/{rel}","templated":true}]}}