{"id":3054,"date":"2022-04-08T18:45:44","date_gmt":"2022-04-08T16:45:44","guid":{"rendered":"https:\/\/www.afapa.eu\/?page_id=3054"},"modified":"2025-02-18T19:18:16","modified_gmt":"2025-02-18T18:18:16","slug":"decrets","status":"publish","type":"page","link":"https:\/\/www.afapa.eu\/en\/decrets\/","title":{"rendered":"D\u00e9crets"},"content":{"rendered":"<div data-elementor-type=\"wp-page\" data-elementor-id=\"3054\" class=\"elementor elementor-3054\">\n\t\t\t\t\t\t<section class=\"elementor-section elementor-top-section elementor-element elementor-element-7bdfa45c elementor-section-boxed elementor-section-height-default elementor-section-height-default\" data-id=\"7bdfa45c\" data-element_type=\"section\" data-e-type=\"section\" data-settings=\"{&quot;dotlife_ext_is_background_parallax&quot;:&quot;false&quot;,&quot;dotlife_ext_is_background_backdrop&quot;:&quot;false&quot;}\">\n\t\t\t\t\t\t<div class=\"elementor-container elementor-column-gap-default\">\n\t\t\t\t\t<div class=\"elementor-column elementor-col-100 elementor-top-column elementor-element elementor-element-4af09933\" data-id=\"4af09933\" data-element_type=\"column\" data-e-type=\"column\" data-settings=\"{&quot;dotlife_ext_link_sidemenu&quot;:&quot;false&quot;,&quot;dotlife_ext_link_fullmenu&quot;:&quot;false&quot;,&quot;dotlife_ext_link_closed_fullmenu&quot;:&quot;false&quot;,&quot;dotlife_ext_is_scrollme&quot;:&quot;false&quot;,&quot;dotlife_ext_is_smoove&quot;:&quot;false&quot;,&quot;dotlife_ext_is_parallax_mouse&quot;:&quot;false&quot;,&quot;dotlife_ext_is_infinite&quot;:&quot;false&quot;,&quot;dotlife_ext_is_fadeout_animation&quot;:&quot;false&quot;,&quot;dotlife_ext_mobile_static&quot;:&quot;false&quot;}\">\n\t\t\t<div class=\"elementor-widget-wrap elementor-element-populated\">\n\t\t\t\t\t\t<div class=\"elementor-element elementor-element-15a030cb elementor-widget elementor-widget-text-editor\" data-id=\"15a030cb\" data-element_type=\"widget\" data-e-type=\"widget\" data-settings=\"{&quot;dotlife_ext_link_sidemenu&quot;:&quot;false&quot;,&quot;dotlife_ext_link_fullmenu&quot;:&quot;false&quot;,&quot;dotlife_ext_link_closed_fullmenu&quot;:&quot;false&quot;,&quot;dotlife_ext_is_scrollme&quot;:&quot;false&quot;,&quot;dotlife_ext_is_smoove&quot;:&quot;false&quot;,&quot;dotlife_ext_is_parallax_mouse&quot;:&quot;false&quot;,&quot;dotlife_ext_is_infinite&quot;:&quot;false&quot;,&quot;dotlife_ext_is_fadeout_animation&quot;:&quot;false&quot;,&quot;dotlife_ext_mobile_static&quot;:&quot;false&quot;}\" data-widget_type=\"text-editor.default\">\n\t\t\t\t<div class=\"elementor-widget-container\">\n\t\t\t\t\t\t\t\t\t<div class=\"wp-block-image\">\n<figure class=\"aligncenter size-large is-resized\"><img fetchpriority=\"high\" decoding=\"async\" class=\"wp-image-3933\" style=\"width: 465px; height: 255px;\" src=\"https:\/\/www.afapa.eu\/wp-content\/uploads\/2023\/07\/gavel-g6210162ae_1280-1024x563.jpg\" alt=\"\" width=\"465\" height=\"255\" srcset=\"https:\/\/www.afapa.eu\/wp-content\/uploads\/2023\/07\/gavel-g6210162ae_1280-1024x563.jpg 1024w, https:\/\/www.afapa.eu\/wp-content\/uploads\/2023\/07\/gavel-g6210162ae_1280-300x165.jpg 300w, https:\/\/www.afapa.eu\/wp-content\/uploads\/2023\/07\/gavel-g6210162ae_1280-768x422.jpg 768w, https:\/\/www.afapa.eu\/wp-content\/uploads\/2023\/07\/gavel-g6210162ae_1280-440x242.jpg 440w, https:\/\/www.afapa.eu\/wp-content\/uploads\/2023\/07\/gavel-g6210162ae_1280.jpg 1280w\" sizes=\"(max-width: 465px) 100vw, 465px\" \/><\/figure>\n<\/div>\n<p>\u00a0<\/p>\n<p><strong>D\u00e9cret n\u00b0 2025-4 du 3 janvier 2025 modifiant les conditions techniques de fonctionnement de l&rsquo;activit\u00e9 de r\u00e9adaptation en hospitalisation \u00e0 domicile<\/strong><br \/><a href=\"https:\/\/www.legifrance.gouv.fr\/jorf\/id\/JORFTEXT000050948958\" target=\"_blank\" rel=\"noopener\">https:\/\/www.legifrance.gouv.fr\/jorf\/id\/JORFTEXT000050948958<\/a><\/p>\n\n<div class=\"wp-block-group\"><div class=\"wp-block-group__inner-container is-layout-constrained wp-block-group-is-layout-constrained\">\n<div class=\"wp-block-group is-vertical is-layout-flex wp-container-core-group-is-layout-8cf370e7 wp-block-group-is-layout-flex\">\n<p>\u00a0<\/p>\n<\/div>\n<\/div><\/div>\n\n<p><strong>D\u00e9cret n\u00b0 2022-25 du 11 janvier 2022 relatif aux conditions techniques de fonctionnement de l&rsquo;activit\u00e9 de soins m\u00e9dicaux et de r\u00e9adaptation<\/strong><br \/><a href=\"https:\/\/www.legifrance.gouv.fr\/jorf\/id\/JORFTEXT000044947234\" target=\"_blank\" rel=\"noreferrer noopener\">https:\/\/www.legifrance.gouv.fr\/jorf\/id\/JORFTEXT000044947234<\/a><\/p>\n\n<p>\u00a0<\/p>\n\n<p><strong>D\u00e9cret n\u00b0 2016-1990 du 30 d\u00e9cembre 2016 relatif aux conditions de dispensation de l&rsquo;activit\u00e9 physique adapt\u00e9e prescrite par le m\u00e9decin traitant \u00e0 des patients atteints d&rsquo;une affection de longue dur\u00e9e<\/strong><br \/>NOR : AFSP1637993D<br \/><a href=\"https:\/\/www.legifrance.gouv.fr\/eli\/decret\/2016\/12\/30\/2016-1990\/jo\/texte\" target=\"_blank\" rel=\"noreferrer noopener\">https:\/\/www.legifrance.gouv.fr\/eli\/decret\/2016\/12\/30\/2016-1990\/jo\/texte<\/a><br \/><a href=\"https:\/\/www.legifrance.gouv.fr\/jorf\/jo\/2016\/12\/31\/0304\" target=\"_blank\" rel=\"noreferrer noopener\">JORF n\u00b00304 du 31 d\u00e9cembre 2016<br \/><\/a>Texte n\u00b0 48<\/p>\n\n<p>\u00a0<\/p>\n\n<p><strong>LOI n\u00b0 2005-102 du 11 f\u00e9vrier 2005 pour l&rsquo;\u00e9galit\u00e9 des droits et des chances, la participation et la citoyennet\u00e9 des personnes handicap\u00e9es (1)<\/strong><br \/><a href=\"https:\/\/www.legifrance.gouv.fr\/jorf\/id\/JORFTEXT000000809647\/\" target=\"_blank\" rel=\"noreferrer noopener\">LOI n\u00b0 2005-102 du 11 f\u00e9vrier 2005 pour l&rsquo;\u00e9galit\u00e9 des droits et des chances, la participation et la citoyennet\u00e9 des personnes handicap\u00e9es (1) &#8211; L\u00e9gifrance (legifrance.gouv.fr)<\/a><\/p>\n\t\t\t\t\t\t\t\t<\/div>\n\t\t\t\t<\/div>\n\t\t\t\t\t<\/div>\n\t\t<\/div>\n\t\t\t\t\t<\/div>\n\t\t<\/section>\n\t\t\t\t<\/div>","protected":false},"excerpt":{"rendered":"<p>\u00a0 D\u00e9cret n\u00b0 2025-4 du 3 janvier 2025 modifiant les conditions techniques de fonctionnement de l&rsquo;activit\u00e9 de r\u00e9adaptation en hospitalisation \u00e0 domicilehttps:\/\/www.legifrance.gouv.fr\/jorf\/id\/JORFTEXT000050948958 \u00a0 D\u00e9cret n\u00b0 2022-25 du 11 janvier 2022 relatif aux conditions techniques de fonctionnement de l&rsquo;activit\u00e9 de soins [&hellip;]<\/p>\n","protected":false},"author":1,"featured_media":0,"parent":0,"menu_order":0,"comment_status":"closed","ping_status":"closed","template":"","meta":{"footnotes":""},"class_list":["post-3054","page","type-page","status-publish","hentry"],"yoast_head":"<!-- This site is optimized with the Yoast SEO plugin v27.4 - https:\/\/yoast.com\/product\/yoast-seo-wordpress\/ -->\n<title>D\u00e9crets - AFAPA<\/title>\n<meta name=\"robots\" content=\"index, follow, max-snippet:-1, max-image-preview:large, max-video-preview:-1\" \/>\n<link rel=\"canonical\" href=\"https:\/\/www.afapa.eu\/en\/decrets\/\" \/>\n<meta property=\"og:locale\" content=\"en_GB\" \/>\n<meta property=\"og:type\" content=\"article\" \/>\n<meta property=\"og:title\" content=\"D\u00e9crets - AFAPA\" \/>\n<meta property=\"og:description\" content=\"\u00a0 D\u00e9cret n\u00b0 2025-4 du 3 janvier 2025 modifiant les conditions techniques de fonctionnement de l&rsquo;activit\u00e9 de r\u00e9adaptation en hospitalisation \u00e0 domicilehttps:\/\/www.legifrance.gouv.fr\/jorf\/id\/JORFTEXT000050948958 \u00a0 D\u00e9cret n\u00b0 2022-25 du 11 janvier 2022 relatif aux conditions techniques de fonctionnement de l&rsquo;activit\u00e9 de soins [&hellip;]\" \/>\n<meta property=\"og:url\" content=\"https:\/\/www.afapa.eu\/en\/decrets\/\" \/>\n<meta property=\"og:site_name\" content=\"AFAPA\" \/>\n<meta property=\"article:modified_time\" content=\"2025-02-18T18:18:16+00:00\" \/>\n<meta property=\"og:image\" content=\"https:\/\/www.afapa.eu\/wp-content\/uploads\/2023\/07\/gavel-g6210162ae_1280.jpg\" \/>\n\t<meta property=\"og:image:width\" content=\"1280\" \/>\n\t<meta property=\"og:image:height\" content=\"704\" \/>\n\t<meta property=\"og:image:type\" content=\"image\/jpeg\" \/>\n<meta name=\"twitter:card\" content=\"summary_large_image\" \/>\n<meta name=\"twitter:label1\" content=\"Estimated reading time\" \/>\n\t<meta name=\"twitter:data1\" content=\"1 minute\" \/>\n<script type=\"application\/ld+json\" class=\"yoast-schema-graph\">{\"@context\":\"https:\\\/\\\/schema.org\",\"@graph\":[{\"@type\":\"WebPage\",\"@id\":\"https:\\\/\\\/www.afapa.eu\\\/decrets\\\/\",\"url\":\"https:\\\/\\\/www.afapa.eu\\\/decrets\\\/\",\"name\":\"D\u00e9crets - AFAPA\",\"isPartOf\":{\"@id\":\"https:\\\/\\\/www.afapa.eu\\\/#website\"},\"primaryImageOfPage\":{\"@id\":\"https:\\\/\\\/www.afapa.eu\\\/decrets\\\/#primaryimage\"},\"image\":{\"@id\":\"https:\\\/\\\/www.afapa.eu\\\/decrets\\\/#primaryimage\"},\"thumbnailUrl\":\"https:\\\/\\\/www.afapa.eu\\\/wp-content\\\/uploads\\\/2023\\\/07\\\/gavel-g6210162ae_1280-1024x563.jpg\",\"datePublished\":\"2022-04-08T16:45:44+00:00\",\"dateModified\":\"2025-02-18T18:18:16+00:00\",\"breadcrumb\":{\"@id\":\"https:\\\/\\\/www.afapa.eu\\\/decrets\\\/#breadcrumb\"},\"inLanguage\":\"en-GB\",\"potentialAction\":[{\"@type\":\"ReadAction\",\"target\":[\"https:\\\/\\\/www.afapa.eu\\\/decrets\\\/\"]}]},{\"@type\":\"ImageObject\",\"inLanguage\":\"en-GB\",\"@id\":\"https:\\\/\\\/www.afapa.eu\\\/decrets\\\/#primaryimage\",\"url\":\"https:\\\/\\\/www.afapa.eu\\\/wp-content\\\/uploads\\\/2023\\\/07\\\/gavel-g6210162ae_1280-1024x563.jpg\",\"contentUrl\":\"https:\\\/\\\/www.afapa.eu\\\/wp-content\\\/uploads\\\/2023\\\/07\\\/gavel-g6210162ae_1280-1024x563.jpg\"},{\"@type\":\"BreadcrumbList\",\"@id\":\"https:\\\/\\\/www.afapa.eu\\\/decrets\\\/#breadcrumb\",\"itemListElement\":[{\"@type\":\"ListItem\",\"position\":1,\"name\":\"Accueil\",\"item\":\"https:\\\/\\\/www.afapa.eu\\\/\"},{\"@type\":\"ListItem\",\"position\":2,\"name\":\"D\u00e9crets\"}]},{\"@type\":\"WebSite\",\"@id\":\"https:\\\/\\\/www.afapa.eu\\\/#website\",\"url\":\"https:\\\/\\\/www.afapa.eu\\\/\",\"name\":\"AFAPA\",\"description\":\"Bienvenue sur le site de l&#039;AFAPA\",\"publisher\":{\"@id\":\"https:\\\/\\\/www.afapa.eu\\\/#organization\"},\"potentialAction\":[{\"@type\":\"SearchAction\",\"target\":{\"@type\":\"EntryPoint\",\"urlTemplate\":\"https:\\\/\\\/www.afapa.eu\\\/?s={search_term_string}\"},\"query-input\":{\"@type\":\"PropertyValueSpecification\",\"valueRequired\":true,\"valueName\":\"search_term_string\"}}],\"inLanguage\":\"en-GB\"},{\"@type\":\"Organization\",\"@id\":\"https:\\\/\\\/www.afapa.eu\\\/#organization\",\"name\":\"AFAPA\",\"alternateName\":\"AFAPA\",\"url\":\"https:\\\/\\\/www.afapa.eu\\\/\",\"logo\":{\"@type\":\"ImageObject\",\"inLanguage\":\"en-GB\",\"@id\":\"https:\\\/\\\/www.afapa.eu\\\/#\\\/schema\\\/logo\\\/image\\\/\",\"url\":\"https:\\\/\\\/www.afapa.eu\\\/wp-content\\\/uploads\\\/2023\\\/03\\\/logo_afapa.png\",\"contentUrl\":\"https:\\\/\\\/www.afapa.eu\\\/wp-content\\\/uploads\\\/2023\\\/03\\\/logo_afapa.png\",\"width\":1206,\"height\":390,\"caption\":\"AFAPA\"},\"image\":{\"@id\":\"https:\\\/\\\/www.afapa.eu\\\/#\\\/schema\\\/logo\\\/image\\\/\"}}]}<\/script>\n<!-- \/ Yoast SEO plugin. -->","yoast_head_json":{"title":"D\u00e9crets - AFAPA","robots":{"index":"index","follow":"follow","max-snippet":"max-snippet:-1","max-image-preview":"max-image-preview:large","max-video-preview":"max-video-preview:-1"},"canonical":"https:\/\/www.afapa.eu\/en\/decrets\/","og_locale":"en_GB","og_type":"article","og_title":"D\u00e9crets - AFAPA","og_description":"\u00a0 D\u00e9cret n\u00b0 2025-4 du 3 janvier 2025 modifiant les conditions techniques de fonctionnement de l&rsquo;activit\u00e9 de r\u00e9adaptation en hospitalisation \u00e0 domicilehttps:\/\/www.legifrance.gouv.fr\/jorf\/id\/JORFTEXT000050948958 \u00a0 D\u00e9cret n\u00b0 2022-25 du 11 janvier 2022 relatif aux conditions techniques de fonctionnement de l&rsquo;activit\u00e9 de soins [&hellip;]","og_url":"https:\/\/www.afapa.eu\/en\/decrets\/","og_site_name":"AFAPA","article_modified_time":"2025-02-18T18:18:16+00:00","og_image":[{"width":1280,"height":704,"url":"https:\/\/www.afapa.eu\/wp-content\/uploads\/2023\/07\/gavel-g6210162ae_1280.jpg","type":"image\/jpeg"}],"twitter_card":"summary_large_image","twitter_misc":{"Estimated reading time":"1 minute"},"schema":{"@context":"https:\/\/schema.org","@graph":[{"@type":"WebPage","@id":"https:\/\/www.afapa.eu\/decrets\/","url":"https:\/\/www.afapa.eu\/decrets\/","name":"D\u00e9crets - AFAPA","isPartOf":{"@id":"https:\/\/www.afapa.eu\/#website"},"primaryImageOfPage":{"@id":"https:\/\/www.afapa.eu\/decrets\/#primaryimage"},"image":{"@id":"https:\/\/www.afapa.eu\/decrets\/#primaryimage"},"thumbnailUrl":"https:\/\/www.afapa.eu\/wp-content\/uploads\/2023\/07\/gavel-g6210162ae_1280-1024x563.jpg","datePublished":"2022-04-08T16:45:44+00:00","dateModified":"2025-02-18T18:18:16+00:00","breadcrumb":{"@id":"https:\/\/www.afapa.eu\/decrets\/#breadcrumb"},"inLanguage":"en-GB","potentialAction":[{"@type":"ReadAction","target":["https:\/\/www.afapa.eu\/decrets\/"]}]},{"@type":"ImageObject","inLanguage":"en-GB","@id":"https:\/\/www.afapa.eu\/decrets\/#primaryimage","url":"https:\/\/www.afapa.eu\/wp-content\/uploads\/2023\/07\/gavel-g6210162ae_1280-1024x563.jpg","contentUrl":"https:\/\/www.afapa.eu\/wp-content\/uploads\/2023\/07\/gavel-g6210162ae_1280-1024x563.jpg"},{"@type":"BreadcrumbList","@id":"https:\/\/www.afapa.eu\/decrets\/#breadcrumb","itemListElement":[{"@type":"ListItem","position":1,"name":"Accueil","item":"https:\/\/www.afapa.eu\/"},{"@type":"ListItem","position":2,"name":"D\u00e9crets"}]},{"@type":"WebSite","@id":"https:\/\/www.afapa.eu\/#website","url":"https:\/\/www.afapa.eu\/","name":"AFAPA","description":"Bienvenue sur le site de l&#039;AFAPA","publisher":{"@id":"https:\/\/www.afapa.eu\/#organization"},"potentialAction":[{"@type":"SearchAction","target":{"@type":"EntryPoint","urlTemplate":"https:\/\/www.afapa.eu\/?s={search_term_string}"},"query-input":{"@type":"PropertyValueSpecification","valueRequired":true,"valueName":"search_term_string"}}],"inLanguage":"en-GB"},{"@type":"Organization","@id":"https:\/\/www.afapa.eu\/#organization","name":"AFAPA","alternateName":"AFAPA","url":"https:\/\/www.afapa.eu\/","logo":{"@type":"ImageObject","inLanguage":"en-GB","@id":"https:\/\/www.afapa.eu\/#\/schema\/logo\/image\/","url":"https:\/\/www.afapa.eu\/wp-content\/uploads\/2023\/03\/logo_afapa.png","contentUrl":"https:\/\/www.afapa.eu\/wp-content\/uploads\/2023\/03\/logo_afapa.png","width":1206,"height":390,"caption":"AFAPA"},"image":{"@id":"https:\/\/www.afapa.eu\/#\/schema\/logo\/image\/"}}]}},"_links":{"self":[{"href":"https:\/\/www.afapa.eu\/en\/wp-json\/wp\/v2\/pages\/3054","targetHints":{"allow":["GET"]}}],"collection":[{"href":"https:\/\/www.afapa.eu\/en\/wp-json\/wp\/v2\/pages"}],"about":[{"href":"https:\/\/www.afapa.eu\/en\/wp-json\/wp\/v2\/types\/page"}],"author":[{"embeddable":true,"href":"https:\/\/www.afapa.eu\/en\/wp-json\/wp\/v2\/users\/1"}],"replies":[{"embeddable":true,"href":"https:\/\/www.afapa.eu\/en\/wp-json\/wp\/v2\/comments?post=3054"}],"version-history":[{"count":20,"href":"https:\/\/www.afapa.eu\/en\/wp-json\/wp\/v2\/pages\/3054\/revisions"}],"predecessor-version":[{"id":6812,"href":"https:\/\/www.afapa.eu\/en\/wp-json\/wp\/v2\/pages\/3054\/revisions\/6812"}],"wp:attachment":[{"href":"https:\/\/www.afapa.eu\/en\/wp-json\/wp\/v2\/media?parent=3054"}],"curies":[{"name":"wp","href":"https:\/\/api.w.org\/{rel}","templated":true}]}}