{"id":3807,"date":"2023-07-01T18:03:45","date_gmt":"2023-07-01T16:03:45","guid":{"rendered":"https:\/\/www.afapa.eu\/?page_id=3807"},"modified":"2023-09-23T17:21:56","modified_gmt":"2023-09-23T15:21:56","slug":"le-cnapas-en-bref","status":"publish","type":"page","link":"https:\/\/www.afapa.eu\/en\/le-cnapas-en-bref\/","title":{"rendered":"Le CNAPAS en bref&#8230;"},"content":{"rendered":"<p>Le Consortium National en Activit\u00e9 Physique Adapt\u00e9e et Sant\u00e9 (CNAPAS) a \u00e9t\u00e9 cr\u00e9\u00e9 \u00e0 l\u2019initiative de la Conf\u00e9rence des Directeurs et Doyens STAPS (<a href=\"https:\/\/c3d-staps.fr\/\" target=\"_blank\" rel=\"noreferrer noopener\">C3D STAPS<\/a>) de fa\u00e7on \u00e0 f\u00e9d\u00e9rer les \u00e9nergies des acteurs du domaine Activit\u00e9 Physique Adapt\u00e9e &#8211; Sant\u00e9.<\/p>\n\n\n\n<p>Le CNAPAS est compos\u00e9 des instances majeures du domaine APA en France : la <a href=\"https:\/\/c3d-staps.fr\/\" target=\"_blank\" rel=\"noreferrer noopener\">C3D STAPS<\/a>, l\u2019Association Francophone en APA (<a href=\"https:\/\/www.afapa.eu\/en\/missions\/\" target=\"_blank\" rel=\"noreferrer noopener\">AFAPA<\/a>, soci\u00e9t\u00e9 savante centr\u00e9e sur l\u2019articulation de la recherche scientifique et de la formation en APA), l\u2019Institut Recherche Collaborative sur l\u2019Activit\u00e9 Physique et la Promotion de la Sant\u00e9 (<a href=\"https:\/\/institut-recapps.com\/\" target=\"_blank\" rel=\"noreferrer noopener\">ReCAPPS<\/a>), la Soci\u00e9t\u00e9 Fran\u00e7aise des professionnels en APA (<a href=\"https:\/\/www.sfp-apa.fr\/\" target=\"_blank\" rel=\"noreferrer noopener\">SFP APA<\/a>) et l&rsquo;Association Nationale des \u00e9tudiants en STAPS (<a href=\"https:\/\/anestaps.org\/\" target=\"_blank\" rel=\"noreferrer noopener\">ANESTAPS<\/a>). Le CNAPAS participe au plus haut niveau des r\u00e9flexions et \u00e9changes avec les diff\u00e9rentes instances nationales minist\u00e8res de la Sant\u00e9 et du sport.<\/p>","protected":false},"excerpt":{"rendered":"<p>Le Consortium National en Activit\u00e9 Physique Adapt\u00e9e et Sant\u00e9 (CNAPAS) a \u00e9t\u00e9 cr\u00e9\u00e9 \u00e0 l\u2019initiative de la Conf\u00e9rence des Directeurs et Doyens STAPS (C3D STAPS) de fa\u00e7on \u00e0 f\u00e9d\u00e9rer les \u00e9nergies des acteurs du domaine Activit\u00e9 Physique Adapt\u00e9e &#8211; Sant\u00e9. [&hellip;]<\/p>\n","protected":false},"author":1,"featured_media":0,"parent":0,"menu_order":0,"comment_status":"closed","ping_status":"closed","template":"","meta":{"footnotes":""},"class_list":["post-3807","page","type-page","status-publish","hentry"],"yoast_head":"<!-- This site is optimized with the Yoast SEO plugin v27.4 - https:\/\/yoast.com\/product\/yoast-seo-wordpress\/ -->\n<title>Le CNAPAS en bref... - AFAPA<\/title>\n<meta name=\"robots\" content=\"index, follow, max-snippet:-1, max-image-preview:large, max-video-preview:-1\" \/>\n<link rel=\"canonical\" href=\"https:\/\/www.afapa.eu\/en\/le-cnapas-en-bref\/\" \/>\n<meta property=\"og:locale\" content=\"en_GB\" \/>\n<meta property=\"og:type\" content=\"article\" \/>\n<meta property=\"og:title\" content=\"Le CNAPAS en bref... - AFAPA\" \/>\n<meta property=\"og:description\" content=\"Le Consortium National en Activit\u00e9 Physique Adapt\u00e9e et Sant\u00e9 (CNAPAS) a \u00e9t\u00e9 cr\u00e9\u00e9 \u00e0 l\u2019initiative de la Conf\u00e9rence des Directeurs et Doyens STAPS (C3D STAPS) de fa\u00e7on \u00e0 f\u00e9d\u00e9rer les \u00e9nergies des acteurs du domaine Activit\u00e9 Physique Adapt\u00e9e &#8211; Sant\u00e9. [&hellip;]\" \/>\n<meta property=\"og:url\" content=\"https:\/\/www.afapa.eu\/en\/le-cnapas-en-bref\/\" \/>\n<meta property=\"og:site_name\" content=\"AFAPA\" \/>\n<meta property=\"article:modified_time\" content=\"2023-09-23T15:21:56+00:00\" \/>\n<meta name=\"twitter:card\" content=\"summary_large_image\" \/>\n<meta name=\"twitter:label1\" content=\"Estimated reading time\" \/>\n\t<meta name=\"twitter:data1\" content=\"1 minute\" \/>\n<script type=\"application\/ld+json\" class=\"yoast-schema-graph\">{\"@context\":\"https:\\\/\\\/schema.org\",\"@graph\":[{\"@type\":\"WebPage\",\"@id\":\"https:\\\/\\\/www.afapa.eu\\\/le-cnapas-en-bref\\\/\",\"url\":\"https:\\\/\\\/www.afapa.eu\\\/le-cnapas-en-bref\\\/\",\"name\":\"Le CNAPAS en bref... - AFAPA\",\"isPartOf\":{\"@id\":\"https:\\\/\\\/www.afapa.eu\\\/#website\"},\"datePublished\":\"2023-07-01T16:03:45+00:00\",\"dateModified\":\"2023-09-23T15:21:56+00:00\",\"breadcrumb\":{\"@id\":\"https:\\\/\\\/www.afapa.eu\\\/le-cnapas-en-bref\\\/#breadcrumb\"},\"inLanguage\":\"en-GB\",\"potentialAction\":[{\"@type\":\"ReadAction\",\"target\":[\"https:\\\/\\\/www.afapa.eu\\\/le-cnapas-en-bref\\\/\"]}]},{\"@type\":\"BreadcrumbList\",\"@id\":\"https:\\\/\\\/www.afapa.eu\\\/le-cnapas-en-bref\\\/#breadcrumb\",\"itemListElement\":[{\"@type\":\"ListItem\",\"position\":1,\"name\":\"Accueil\",\"item\":\"https:\\\/\\\/www.afapa.eu\\\/\"},{\"@type\":\"ListItem\",\"position\":2,\"name\":\"Le CNAPAS en bref&#8230;\"}]},{\"@type\":\"WebSite\",\"@id\":\"https:\\\/\\\/www.afapa.eu\\\/#website\",\"url\":\"https:\\\/\\\/www.afapa.eu\\\/\",\"name\":\"AFAPA\",\"description\":\"Bienvenue sur le site de l&#039;AFAPA\",\"publisher\":{\"@id\":\"https:\\\/\\\/www.afapa.eu\\\/#organization\"},\"potentialAction\":[{\"@type\":\"SearchAction\",\"target\":{\"@type\":\"EntryPoint\",\"urlTemplate\":\"https:\\\/\\\/www.afapa.eu\\\/?s={search_term_string}\"},\"query-input\":{\"@type\":\"PropertyValueSpecification\",\"valueRequired\":true,\"valueName\":\"search_term_string\"}}],\"inLanguage\":\"en-GB\"},{\"@type\":\"Organization\",\"@id\":\"https:\\\/\\\/www.afapa.eu\\\/#organization\",\"name\":\"AFAPA\",\"alternateName\":\"AFAPA\",\"url\":\"https:\\\/\\\/www.afapa.eu\\\/\",\"logo\":{\"@type\":\"ImageObject\",\"inLanguage\":\"en-GB\",\"@id\":\"https:\\\/\\\/www.afapa.eu\\\/#\\\/schema\\\/logo\\\/image\\\/\",\"url\":\"https:\\\/\\\/www.afapa.eu\\\/wp-content\\\/uploads\\\/2023\\\/03\\\/logo_afapa.png\",\"contentUrl\":\"https:\\\/\\\/www.afapa.eu\\\/wp-content\\\/uploads\\\/2023\\\/03\\\/logo_afapa.png\",\"width\":1206,\"height\":390,\"caption\":\"AFAPA\"},\"image\":{\"@id\":\"https:\\\/\\\/www.afapa.eu\\\/#\\\/schema\\\/logo\\\/image\\\/\"}}]}<\/script>\n<!-- \/ Yoast SEO plugin. -->","yoast_head_json":{"title":"Le CNAPAS en bref... - AFAPA","robots":{"index":"index","follow":"follow","max-snippet":"max-snippet:-1","max-image-preview":"max-image-preview:large","max-video-preview":"max-video-preview:-1"},"canonical":"https:\/\/www.afapa.eu\/en\/le-cnapas-en-bref\/","og_locale":"en_GB","og_type":"article","og_title":"Le CNAPAS en bref... - AFAPA","og_description":"Le Consortium National en Activit\u00e9 Physique Adapt\u00e9e et Sant\u00e9 (CNAPAS) a \u00e9t\u00e9 cr\u00e9\u00e9 \u00e0 l\u2019initiative de la Conf\u00e9rence des Directeurs et Doyens STAPS (C3D STAPS) de fa\u00e7on \u00e0 f\u00e9d\u00e9rer les \u00e9nergies des acteurs du domaine Activit\u00e9 Physique Adapt\u00e9e &#8211; Sant\u00e9. [&hellip;]","og_url":"https:\/\/www.afapa.eu\/en\/le-cnapas-en-bref\/","og_site_name":"AFAPA","article_modified_time":"2023-09-23T15:21:56+00:00","twitter_card":"summary_large_image","twitter_misc":{"Estimated reading time":"1 minute"},"schema":{"@context":"https:\/\/schema.org","@graph":[{"@type":"WebPage","@id":"https:\/\/www.afapa.eu\/le-cnapas-en-bref\/","url":"https:\/\/www.afapa.eu\/le-cnapas-en-bref\/","name":"Le CNAPAS en bref... - AFAPA","isPartOf":{"@id":"https:\/\/www.afapa.eu\/#website"},"datePublished":"2023-07-01T16:03:45+00:00","dateModified":"2023-09-23T15:21:56+00:00","breadcrumb":{"@id":"https:\/\/www.afapa.eu\/le-cnapas-en-bref\/#breadcrumb"},"inLanguage":"en-GB","potentialAction":[{"@type":"ReadAction","target":["https:\/\/www.afapa.eu\/le-cnapas-en-bref\/"]}]},{"@type":"BreadcrumbList","@id":"https:\/\/www.afapa.eu\/le-cnapas-en-bref\/#breadcrumb","itemListElement":[{"@type":"ListItem","position":1,"name":"Accueil","item":"https:\/\/www.afapa.eu\/"},{"@type":"ListItem","position":2,"name":"Le CNAPAS en bref&#8230;"}]},{"@type":"WebSite","@id":"https:\/\/www.afapa.eu\/#website","url":"https:\/\/www.afapa.eu\/","name":"AFAPA","description":"Bienvenue sur le site de l&#039;AFAPA","publisher":{"@id":"https:\/\/www.afapa.eu\/#organization"},"potentialAction":[{"@type":"SearchAction","target":{"@type":"EntryPoint","urlTemplate":"https:\/\/www.afapa.eu\/?s={search_term_string}"},"query-input":{"@type":"PropertyValueSpecification","valueRequired":true,"valueName":"search_term_string"}}],"inLanguage":"en-GB"},{"@type":"Organization","@id":"https:\/\/www.afapa.eu\/#organization","name":"AFAPA","alternateName":"AFAPA","url":"https:\/\/www.afapa.eu\/","logo":{"@type":"ImageObject","inLanguage":"en-GB","@id":"https:\/\/www.afapa.eu\/#\/schema\/logo\/image\/","url":"https:\/\/www.afapa.eu\/wp-content\/uploads\/2023\/03\/logo_afapa.png","contentUrl":"https:\/\/www.afapa.eu\/wp-content\/uploads\/2023\/03\/logo_afapa.png","width":1206,"height":390,"caption":"AFAPA"},"image":{"@id":"https:\/\/www.afapa.eu\/#\/schema\/logo\/image\/"}}]}},"_links":{"self":[{"href":"https:\/\/www.afapa.eu\/en\/wp-json\/wp\/v2\/pages\/3807","targetHints":{"allow":["GET"]}}],"collection":[{"href":"https:\/\/www.afapa.eu\/en\/wp-json\/wp\/v2\/pages"}],"about":[{"href":"https:\/\/www.afapa.eu\/en\/wp-json\/wp\/v2\/types\/page"}],"author":[{"embeddable":true,"href":"https:\/\/www.afapa.eu\/en\/wp-json\/wp\/v2\/users\/1"}],"replies":[{"embeddable":true,"href":"https:\/\/www.afapa.eu\/en\/wp-json\/wp\/v2\/comments?post=3807"}],"version-history":[{"count":2,"href":"https:\/\/www.afapa.eu\/en\/wp-json\/wp\/v2\/pages\/3807\/revisions"}],"predecessor-version":[{"id":4443,"href":"https:\/\/www.afapa.eu\/en\/wp-json\/wp\/v2\/pages\/3807\/revisions\/4443"}],"wp:attachment":[{"href":"https:\/\/www.afapa.eu\/en\/wp-json\/wp\/v2\/media?parent=3807"}],"curies":[{"name":"wp","href":"https:\/\/api.w.org\/{rel}","templated":true}]}}