{"id":5069,"date":"2023-11-17T15:10:23","date_gmt":"2023-11-17T14:10:23","guid":{"rendered":"https:\/\/www.afapa.eu\/?page_id=5069"},"modified":"2024-04-07T10:14:53","modified_gmt":"2024-04-07T08:14:53","slug":"actualites","status":"publish","type":"page","link":"https:\/\/www.afapa.eu\/en\/actualites\/","title":{"rendered":"Actualit\u00e9s"},"content":{"rendered":"<div data-elementor-type=\"wp-page\" data-elementor-id=\"5069\" class=\"elementor elementor-5069\">\n\t\t\t\t\t\t<section class=\"elementor-section elementor-top-section elementor-element elementor-element-f6f808d elementor-section-boxed elementor-section-height-default elementor-section-height-default\" data-id=\"f6f808d\" data-element_type=\"section\" data-e-type=\"section\" data-settings=\"{&quot;dotlife_ext_is_background_parallax&quot;:&quot;false&quot;,&quot;dotlife_ext_is_background_backdrop&quot;:&quot;false&quot;}\">\n\t\t\t\t\t\t<div class=\"elementor-container elementor-column-gap-default\">\n\t\t\t\t\t<div class=\"elementor-column elementor-col-100 elementor-top-column elementor-element elementor-element-a68e569\" data-id=\"a68e569\" data-element_type=\"column\" data-e-type=\"column\" data-settings=\"{&quot;dotlife_ext_link_sidemenu&quot;:&quot;false&quot;,&quot;dotlife_ext_link_fullmenu&quot;:&quot;false&quot;,&quot;dotlife_ext_link_closed_fullmenu&quot;:&quot;false&quot;,&quot;dotlife_ext_is_scrollme&quot;:&quot;false&quot;,&quot;dotlife_ext_is_smoove&quot;:&quot;false&quot;,&quot;dotlife_ext_is_parallax_mouse&quot;:&quot;false&quot;,&quot;dotlife_ext_is_infinite&quot;:&quot;false&quot;,&quot;dotlife_ext_is_fadeout_animation&quot;:&quot;false&quot;,&quot;dotlife_ext_mobile_static&quot;:&quot;false&quot;}\">\n\t\t\t<div class=\"elementor-widget-wrap elementor-element-populated\">\n\t\t\t\t\t\t<div class=\"elementor-element elementor-element-c3d308c elementor-widget elementor-widget-image\" data-id=\"c3d308c\" data-element_type=\"widget\" data-e-type=\"widget\" data-settings=\"{&quot;dotlife_image_is_animation&quot;:&quot;false&quot;,&quot;dotlife_ext_link_sidemenu&quot;:&quot;false&quot;,&quot;dotlife_ext_link_fullmenu&quot;:&quot;false&quot;,&quot;dotlife_ext_link_closed_fullmenu&quot;:&quot;false&quot;,&quot;dotlife_ext_is_scrollme&quot;:&quot;false&quot;,&quot;dotlife_ext_is_smoove&quot;:&quot;false&quot;,&quot;dotlife_ext_is_parallax_mouse&quot;:&quot;false&quot;,&quot;dotlife_ext_is_infinite&quot;:&quot;false&quot;,&quot;dotlife_ext_is_fadeout_animation&quot;:&quot;false&quot;,&quot;dotlife_ext_mobile_static&quot;:&quot;false&quot;}\" data-widget_type=\"image.default\">\n\t\t\t\t<div class=\"elementor-widget-container\">\n\t\t\t\t\t\t\t\t\t\t\t\t\t\t\t<img decoding=\"async\" width=\"300\" height=\"97\" src=\"https:\/\/www.afapa.eu\/wp-content\/uploads\/2023\/11\/EVENMENT-300x97.png\" class=\"attachment-medium size-medium wp-image-4994\" alt=\"\" srcset=\"https:\/\/www.afapa.eu\/wp-content\/uploads\/2023\/11\/EVENMENT-300x97.png 300w, https:\/\/www.afapa.eu\/wp-content\/uploads\/2023\/11\/EVENMENT-18x6.png 18w, https:\/\/www.afapa.eu\/wp-content\/uploads\/2023\/11\/EVENMENT-440x142.png 440w, https:\/\/www.afapa.eu\/wp-content\/uploads\/2023\/11\/EVENMENT.png 598w\" sizes=\"(max-width: 300px) 100vw, 300px\" \/>\t\t\t\t\t\t\t\t\t\t\t\t\t\t\t<\/div>\n\t\t\t\t<\/div>\n\t\t\t\t<div class=\"elementor-element elementor-element-d00f017 elementor-widget elementor-widget-heading\" data-id=\"d00f017\" data-element_type=\"widget\" data-e-type=\"widget\" data-settings=\"{&quot;dotlife_ext_link_sidemenu&quot;:&quot;false&quot;,&quot;dotlife_ext_link_fullmenu&quot;:&quot;false&quot;,&quot;dotlife_ext_link_closed_fullmenu&quot;:&quot;false&quot;,&quot;dotlife_ext_is_scrollme&quot;:&quot;false&quot;,&quot;dotlife_ext_is_smoove&quot;:&quot;false&quot;,&quot;dotlife_ext_is_parallax_mouse&quot;:&quot;false&quot;,&quot;dotlife_ext_is_infinite&quot;:&quot;false&quot;,&quot;dotlife_ext_is_fadeout_animation&quot;:&quot;false&quot;,&quot;dotlife_ext_mobile_static&quot;:&quot;false&quot;}\" data-widget_type=\"heading.default\">\n\t\t\t\t<div class=\"elementor-widget-container\">\n\t\t\t\t\t<h2 class=\"elementor-heading-title elementor-size-default\">Soir\u00e9e \u00ab D\u00e9ficiences et inclusion en EPS. R\u00e9flexions historiques et perspectives p\u00e9dagogiques \u00bb<\/h2>\t\t\t\t<\/div>\n\t\t\t\t<\/div>\n\t\t\t\t<div class=\"elementor-element elementor-element-1c80cbb elementor-widget elementor-widget-text-editor\" data-id=\"1c80cbb\" data-element_type=\"widget\" data-e-type=\"widget\" data-settings=\"{&quot;dotlife_ext_link_sidemenu&quot;:&quot;false&quot;,&quot;dotlife_ext_link_fullmenu&quot;:&quot;false&quot;,&quot;dotlife_ext_link_closed_fullmenu&quot;:&quot;false&quot;,&quot;dotlife_ext_is_scrollme&quot;:&quot;false&quot;,&quot;dotlife_ext_is_smoove&quot;:&quot;false&quot;,&quot;dotlife_ext_is_parallax_mouse&quot;:&quot;false&quot;,&quot;dotlife_ext_is_infinite&quot;:&quot;false&quot;,&quot;dotlife_ext_is_fadeout_animation&quot;:&quot;false&quot;,&quot;dotlife_ext_mobile_static&quot;:&quot;false&quot;}\" data-widget_type=\"text-editor.default\">\n\t\t\t\t<div class=\"elementor-widget-container\">\n\t\t\t\t\t\t\t\t\t<p style=\"text-align: center;\">UFR STAPS de Besan\u00e7on, 1<up>er<\/sup> d\u00e9cembre 2023<\/p>\t\t\t\t\t\t\t\t<\/div>\n\t\t\t\t<\/div>\n\t\t\t\t<div class=\"elementor-element elementor-element-b539e52 elementor-align-center elementor-widget elementor-widget-button\" data-id=\"b539e52\" data-element_type=\"widget\" data-e-type=\"widget\" data-settings=\"{&quot;dotlife_ext_link_sidemenu&quot;:&quot;false&quot;,&quot;dotlife_ext_link_fullmenu&quot;:&quot;false&quot;,&quot;dotlife_ext_link_closed_fullmenu&quot;:&quot;false&quot;,&quot;dotlife_ext_is_scrollme&quot;:&quot;false&quot;,&quot;dotlife_ext_is_smoove&quot;:&quot;false&quot;,&quot;dotlife_ext_is_parallax_mouse&quot;:&quot;false&quot;,&quot;dotlife_ext_is_infinite&quot;:&quot;false&quot;,&quot;dotlife_ext_is_fadeout_animation&quot;:&quot;false&quot;,&quot;dotlife_ext_mobile_static&quot;:&quot;false&quot;}\" data-widget_type=\"button.default\">\n\t\t\t\t<div class=\"elementor-widget-container\">\n\t\t\t\t\t\t\t\t\t<div class=\"elementor-button-wrapper\">\n\t\t\t\t\t<a class=\"elementor-button elementor-button-link elementor-size-sm\" href=\"https:\/\/www.afapa.eu\/en\/evenementiel\/\">\n\t\t\t\t\t\t<span class=\"elementor-button-content-wrapper\">\n\t\t\t\t\t\t\t\t\t<span class=\"elementor-button-text\">En savoir plus<\/span>\n\t\t\t\t\t<\/span>\n\t\t\t\t\t<\/a>\n\t\t\t\t<\/div>\n\t\t\t\t\t\t\t\t<\/div>\n\t\t\t\t<\/div>\n\t\t\t\t\t<\/div>\n\t\t<\/div>\n\t\t\t\t\t<\/div>\n\t\t<\/section>\n\t\t\t\t<\/div>","protected":false},"excerpt":{"rendered":"<p>Soir\u00e9e \u00ab D\u00e9ficiences et inclusion en EPS. R\u00e9flexions historiques et perspectives p\u00e9dagogiques \u00bb UFR STAPS de Besan\u00e7on, 1er d\u00e9cembre 2023 En savoir plus<\/p>","protected":false},"author":1,"featured_media":0,"parent":0,"menu_order":0,"comment_status":"closed","ping_status":"closed","template":"","meta":{"footnotes":""},"class_list":["post-5069","page","type-page","status-publish","hentry"],"yoast_head":"<!-- This site is optimized with the Yoast SEO plugin v27.3 - https:\/\/yoast.com\/product\/yoast-seo-wordpress\/ -->\n<title>Actualit\u00e9s - AFAPA<\/title>\n<meta name=\"robots\" content=\"index, follow, max-snippet:-1, max-image-preview:large, max-video-preview:-1\" \/>\n<link rel=\"canonical\" href=\"https:\/\/www.afapa.eu\/en\/actualites\/\" \/>\n<meta property=\"og:locale\" content=\"en_GB\" \/>\n<meta property=\"og:type\" content=\"article\" \/>\n<meta property=\"og:title\" content=\"Actualit\u00e9s - AFAPA\" \/>\n<meta property=\"og:description\" content=\"Soir\u00e9e \u00ab D\u00e9ficiences et inclusion en EPS. R\u00e9flexions historiques et perspectives p\u00e9dagogiques \u00bb UFR STAPS de Besan\u00e7on, 1er d\u00e9cembre 2023 En savoir plus\" \/>\n<meta property=\"og:url\" content=\"https:\/\/www.afapa.eu\/en\/actualites\/\" \/>\n<meta property=\"og:site_name\" content=\"AFAPA\" \/>\n<meta property=\"article:modified_time\" content=\"2024-04-07T08:14:53+00:00\" \/>\n<meta property=\"og:image\" content=\"https:\/\/www.afapa.eu\/wp-content\/uploads\/2023\/11\/EVENMENT-300x97.png\" \/>\n<meta name=\"twitter:card\" content=\"summary_large_image\" \/>\n<meta name=\"twitter:label1\" content=\"Estimated reading time\" \/>\n\t<meta name=\"twitter:data1\" content=\"1 minute\" \/>\n<script type=\"application\/ld+json\" class=\"yoast-schema-graph\">{\"@context\":\"https:\\\/\\\/schema.org\",\"@graph\":[{\"@type\":\"WebPage\",\"@id\":\"https:\\\/\\\/www.afapa.eu\\\/actualites\\\/\",\"url\":\"https:\\\/\\\/www.afapa.eu\\\/actualites\\\/\",\"name\":\"Actualit\u00e9s - AFAPA\",\"isPartOf\":{\"@id\":\"https:\\\/\\\/www.afapa.eu\\\/#website\"},\"primaryImageOfPage\":{\"@id\":\"https:\\\/\\\/www.afapa.eu\\\/actualites\\\/#primaryimage\"},\"image\":{\"@id\":\"https:\\\/\\\/www.afapa.eu\\\/actualites\\\/#primaryimage\"},\"thumbnailUrl\":\"https:\\\/\\\/www.afapa.eu\\\/wp-content\\\/uploads\\\/2023\\\/11\\\/EVENMENT-300x97.png\",\"datePublished\":\"2023-11-17T14:10:23+00:00\",\"dateModified\":\"2024-04-07T08:14:53+00:00\",\"breadcrumb\":{\"@id\":\"https:\\\/\\\/www.afapa.eu\\\/actualites\\\/#breadcrumb\"},\"inLanguage\":\"en-GB\",\"potentialAction\":[{\"@type\":\"ReadAction\",\"target\":[\"https:\\\/\\\/www.afapa.eu\\\/actualites\\\/\"]}]},{\"@type\":\"ImageObject\",\"inLanguage\":\"en-GB\",\"@id\":\"https:\\\/\\\/www.afapa.eu\\\/actualites\\\/#primaryimage\",\"url\":\"https:\\\/\\\/www.afapa.eu\\\/wp-content\\\/uploads\\\/2023\\\/11\\\/EVENMENT-300x97.png\",\"contentUrl\":\"https:\\\/\\\/www.afapa.eu\\\/wp-content\\\/uploads\\\/2023\\\/11\\\/EVENMENT-300x97.png\"},{\"@type\":\"BreadcrumbList\",\"@id\":\"https:\\\/\\\/www.afapa.eu\\\/actualites\\\/#breadcrumb\",\"itemListElement\":[{\"@type\":\"ListItem\",\"position\":1,\"name\":\"Accueil\",\"item\":\"https:\\\/\\\/www.afapa.eu\\\/\"},{\"@type\":\"ListItem\",\"position\":2,\"name\":\"Actualit\u00e9s\"}]},{\"@type\":\"WebSite\",\"@id\":\"https:\\\/\\\/www.afapa.eu\\\/#website\",\"url\":\"https:\\\/\\\/www.afapa.eu\\\/\",\"name\":\"AFAPA\",\"description\":\"Bienvenue sur le site de l&#039;AFAPA\",\"publisher\":{\"@id\":\"https:\\\/\\\/www.afapa.eu\\\/#organization\"},\"potentialAction\":[{\"@type\":\"SearchAction\",\"target\":{\"@type\":\"EntryPoint\",\"urlTemplate\":\"https:\\\/\\\/www.afapa.eu\\\/?s={search_term_string}\"},\"query-input\":{\"@type\":\"PropertyValueSpecification\",\"valueRequired\":true,\"valueName\":\"search_term_string\"}}],\"inLanguage\":\"en-GB\"},{\"@type\":\"Organization\",\"@id\":\"https:\\\/\\\/www.afapa.eu\\\/#organization\",\"name\":\"AFAPA\",\"alternateName\":\"AFAPA\",\"url\":\"https:\\\/\\\/www.afapa.eu\\\/\",\"logo\":{\"@type\":\"ImageObject\",\"inLanguage\":\"en-GB\",\"@id\":\"https:\\\/\\\/www.afapa.eu\\\/#\\\/schema\\\/logo\\\/image\\\/\",\"url\":\"https:\\\/\\\/www.afapa.eu\\\/wp-content\\\/uploads\\\/2023\\\/03\\\/logo_afapa.png\",\"contentUrl\":\"https:\\\/\\\/www.afapa.eu\\\/wp-content\\\/uploads\\\/2023\\\/03\\\/logo_afapa.png\",\"width\":1206,\"height\":390,\"caption\":\"AFAPA\"},\"image\":{\"@id\":\"https:\\\/\\\/www.afapa.eu\\\/#\\\/schema\\\/logo\\\/image\\\/\"}}]}<\/script>\n<!-- \/ Yoast SEO plugin. -->","yoast_head_json":{"title":"Actualit\u00e9s - AFAPA","robots":{"index":"index","follow":"follow","max-snippet":"max-snippet:-1","max-image-preview":"max-image-preview:large","max-video-preview":"max-video-preview:-1"},"canonical":"https:\/\/www.afapa.eu\/en\/actualites\/","og_locale":"en_GB","og_type":"article","og_title":"Actualit\u00e9s - AFAPA","og_description":"Soir\u00e9e \u00ab D\u00e9ficiences et inclusion en EPS. R\u00e9flexions historiques et perspectives p\u00e9dagogiques \u00bb UFR STAPS de Besan\u00e7on, 1er d\u00e9cembre 2023 En savoir plus","og_url":"https:\/\/www.afapa.eu\/en\/actualites\/","og_site_name":"AFAPA","article_modified_time":"2024-04-07T08:14:53+00:00","og_image":[{"url":"https:\/\/www.afapa.eu\/wp-content\/uploads\/2023\/11\/EVENMENT-300x97.png","type":"","width":"","height":""}],"twitter_card":"summary_large_image","twitter_misc":{"Estimated reading time":"1 minute"},"schema":{"@context":"https:\/\/schema.org","@graph":[{"@type":"WebPage","@id":"https:\/\/www.afapa.eu\/actualites\/","url":"https:\/\/www.afapa.eu\/actualites\/","name":"Actualit\u00e9s - AFAPA","isPartOf":{"@id":"https:\/\/www.afapa.eu\/#website"},"primaryImageOfPage":{"@id":"https:\/\/www.afapa.eu\/actualites\/#primaryimage"},"image":{"@id":"https:\/\/www.afapa.eu\/actualites\/#primaryimage"},"thumbnailUrl":"https:\/\/www.afapa.eu\/wp-content\/uploads\/2023\/11\/EVENMENT-300x97.png","datePublished":"2023-11-17T14:10:23+00:00","dateModified":"2024-04-07T08:14:53+00:00","breadcrumb":{"@id":"https:\/\/www.afapa.eu\/actualites\/#breadcrumb"},"inLanguage":"en-GB","potentialAction":[{"@type":"ReadAction","target":["https:\/\/www.afapa.eu\/actualites\/"]}]},{"@type":"ImageObject","inLanguage":"en-GB","@id":"https:\/\/www.afapa.eu\/actualites\/#primaryimage","url":"https:\/\/www.afapa.eu\/wp-content\/uploads\/2023\/11\/EVENMENT-300x97.png","contentUrl":"https:\/\/www.afapa.eu\/wp-content\/uploads\/2023\/11\/EVENMENT-300x97.png"},{"@type":"BreadcrumbList","@id":"https:\/\/www.afapa.eu\/actualites\/#breadcrumb","itemListElement":[{"@type":"ListItem","position":1,"name":"Accueil","item":"https:\/\/www.afapa.eu\/"},{"@type":"ListItem","position":2,"name":"Actualit\u00e9s"}]},{"@type":"WebSite","@id":"https:\/\/www.afapa.eu\/#website","url":"https:\/\/www.afapa.eu\/","name":"AFAPA","description":"Bienvenue sur le site de l&#039;AFAPA","publisher":{"@id":"https:\/\/www.afapa.eu\/#organization"},"potentialAction":[{"@type":"SearchAction","target":{"@type":"EntryPoint","urlTemplate":"https:\/\/www.afapa.eu\/?s={search_term_string}"},"query-input":{"@type":"PropertyValueSpecification","valueRequired":true,"valueName":"search_term_string"}}],"inLanguage":"en-GB"},{"@type":"Organization","@id":"https:\/\/www.afapa.eu\/#organization","name":"AFAPA","alternateName":"AFAPA","url":"https:\/\/www.afapa.eu\/","logo":{"@type":"ImageObject","inLanguage":"en-GB","@id":"https:\/\/www.afapa.eu\/#\/schema\/logo\/image\/","url":"https:\/\/www.afapa.eu\/wp-content\/uploads\/2023\/03\/logo_afapa.png","contentUrl":"https:\/\/www.afapa.eu\/wp-content\/uploads\/2023\/03\/logo_afapa.png","width":1206,"height":390,"caption":"AFAPA"},"image":{"@id":"https:\/\/www.afapa.eu\/#\/schema\/logo\/image\/"}}]}},"_links":{"self":[{"href":"https:\/\/www.afapa.eu\/en\/wp-json\/wp\/v2\/pages\/5069","targetHints":{"allow":["GET"]}}],"collection":[{"href":"https:\/\/www.afapa.eu\/en\/wp-json\/wp\/v2\/pages"}],"about":[{"href":"https:\/\/www.afapa.eu\/en\/wp-json\/wp\/v2\/types\/page"}],"author":[{"embeddable":true,"href":"https:\/\/www.afapa.eu\/en\/wp-json\/wp\/v2\/users\/1"}],"replies":[{"embeddable":true,"href":"https:\/\/www.afapa.eu\/en\/wp-json\/wp\/v2\/comments?post=5069"}],"version-history":[{"count":10,"href":"https:\/\/www.afapa.eu\/en\/wp-json\/wp\/v2\/pages\/5069\/revisions"}],"predecessor-version":[{"id":5091,"href":"https:\/\/www.afapa.eu\/en\/wp-json\/wp\/v2\/pages\/5069\/revisions\/5091"}],"wp:attachment":[{"href":"https:\/\/www.afapa.eu\/en\/wp-json\/wp\/v2\/media?parent=5069"}],"curies":[{"name":"wp","href":"https:\/\/api.w.org\/{rel}","templated":true}]}}