{"id":5659,"date":"2024-04-15T13:17:45","date_gmt":"2024-04-15T11:17:45","guid":{"rendered":"https:\/\/www.afapa.eu\/?page_id=5659"},"modified":"2024-06-09T13:42:45","modified_gmt":"2024-06-09T11:42:45","slug":"on-parle-de-nous","status":"publish","type":"page","link":"https:\/\/www.afapa.eu\/en\/on-parle-de-nous\/","title":{"rendered":"On parle de nous !"},"content":{"rendered":"<div data-elementor-type=\"wp-page\" data-elementor-id=\"5659\" class=\"elementor elementor-5659\">\n\t\t\t\t\t\t<section class=\"elementor-section elementor-top-section elementor-element elementor-element-762b714 elementor-section-boxed elementor-section-height-default elementor-section-height-default\" data-id=\"762b714\" data-element_type=\"section\" data-e-type=\"section\" data-settings=\"{&quot;dotlife_ext_is_background_parallax&quot;:&quot;false&quot;,&quot;dotlife_ext_is_background_backdrop&quot;:&quot;false&quot;}\">\n\t\t\t\t\t\t<div class=\"elementor-container elementor-column-gap-default\">\n\t\t\t\t\t<div class=\"elementor-column elementor-col-100 elementor-top-column elementor-element elementor-element-049cf32\" data-id=\"049cf32\" data-element_type=\"column\" data-e-type=\"column\" data-settings=\"{&quot;dotlife_ext_link_sidemenu&quot;:&quot;false&quot;,&quot;dotlife_ext_link_fullmenu&quot;:&quot;false&quot;,&quot;dotlife_ext_link_closed_fullmenu&quot;:&quot;false&quot;,&quot;dotlife_ext_is_scrollme&quot;:&quot;false&quot;,&quot;dotlife_ext_is_smoove&quot;:&quot;false&quot;,&quot;dotlife_ext_is_parallax_mouse&quot;:&quot;false&quot;,&quot;dotlife_ext_is_infinite&quot;:&quot;false&quot;,&quot;dotlife_ext_is_fadeout_animation&quot;:&quot;false&quot;,&quot;dotlife_ext_mobile_static&quot;:&quot;false&quot;}\">\n\t\t\t<div class=\"elementor-widget-wrap elementor-element-populated\">\n\t\t\t\t\t\t<div class=\"elementor-element elementor-element-f03e7a9 elementor-widget elementor-widget-image\" data-id=\"f03e7a9\" data-element_type=\"widget\" data-e-type=\"widget\" data-settings=\"{&quot;dotlife_image_is_animation&quot;:&quot;false&quot;,&quot;dotlife_ext_link_sidemenu&quot;:&quot;false&quot;,&quot;dotlife_ext_link_fullmenu&quot;:&quot;false&quot;,&quot;dotlife_ext_link_closed_fullmenu&quot;:&quot;false&quot;,&quot;dotlife_ext_is_scrollme&quot;:&quot;false&quot;,&quot;dotlife_ext_is_smoove&quot;:&quot;false&quot;,&quot;dotlife_ext_is_parallax_mouse&quot;:&quot;false&quot;,&quot;dotlife_ext_is_infinite&quot;:&quot;false&quot;,&quot;dotlife_ext_is_fadeout_animation&quot;:&quot;false&quot;,&quot;dotlife_ext_mobile_static&quot;:&quot;false&quot;}\" data-widget_type=\"image.default\">\n\t\t\t\t<div class=\"elementor-widget-container\">\n\t\t\t\t\t\t\t\t\t\t\t\t\t\t\t<img fetchpriority=\"high\" decoding=\"async\" width=\"300\" height=\"200\" src=\"https:\/\/www.afapa.eu\/wp-content\/uploads\/2024\/04\/pexels-terje-sollie-320617-300x200.jpg\" class=\"attachment-medium size-medium wp-image-5669\" alt=\"\" srcset=\"https:\/\/www.afapa.eu\/wp-content\/uploads\/2024\/04\/pexels-terje-sollie-320617-300x200.jpg 300w, https:\/\/www.afapa.eu\/wp-content\/uploads\/2024\/04\/pexels-terje-sollie-320617-1024x683.jpg 1024w, https:\/\/www.afapa.eu\/wp-content\/uploads\/2024\/04\/pexels-terje-sollie-320617-768x512.jpg 768w, https:\/\/www.afapa.eu\/wp-content\/uploads\/2024\/04\/pexels-terje-sollie-320617-1536x1024.jpg 1536w, https:\/\/www.afapa.eu\/wp-content\/uploads\/2024\/04\/pexels-terje-sollie-320617-2048x1365.jpg 2048w, https:\/\/www.afapa.eu\/wp-content\/uploads\/2024\/04\/pexels-terje-sollie-320617-18x12.jpg 18w, https:\/\/www.afapa.eu\/wp-content\/uploads\/2024\/04\/pexels-terje-sollie-320617-700x466.jpg 700w, https:\/\/www.afapa.eu\/wp-content\/uploads\/2024\/04\/pexels-terje-sollie-320617-440x293.jpg 440w\" sizes=\"(max-width: 300px) 100vw, 300px\" \/>\t\t\t\t\t\t\t\t\t\t\t\t\t\t\t<\/div>\n\t\t\t\t<\/div>\n\t\t\t\t<div class=\"elementor-element elementor-element-5c657d1 elementor-widget elementor-widget-text-editor\" data-id=\"5c657d1\" data-element_type=\"widget\" data-e-type=\"widget\" data-settings=\"{&quot;dotlife_ext_link_sidemenu&quot;:&quot;false&quot;,&quot;dotlife_ext_link_fullmenu&quot;:&quot;false&quot;,&quot;dotlife_ext_link_closed_fullmenu&quot;:&quot;false&quot;,&quot;dotlife_ext_is_scrollme&quot;:&quot;false&quot;,&quot;dotlife_ext_is_smoove&quot;:&quot;false&quot;,&quot;dotlife_ext_is_parallax_mouse&quot;:&quot;false&quot;,&quot;dotlife_ext_is_infinite&quot;:&quot;false&quot;,&quot;dotlife_ext_is_fadeout_animation&quot;:&quot;false&quot;,&quot;dotlife_ext_mobile_static&quot;:&quot;false&quot;}\" data-widget_type=\"text-editor.default\">\n\t\t\t\t<div class=\"elementor-widget-container\">\n\t\t\t\t\t\t\t\t\t<div><div><div><strong><span style=\"text-decoration: underline;\">Lib\u00e9ration<\/span>, \u00ab Sport sant\u00e9 \u00bb : les ambitions du gouvernement dispara\u00eetront-elles apr\u00e8s les Jeux olympiques ?<\/strong><\/div><div>Tribune de l&rsquo;<a href=\"https:\/\/anestaps.org\/\" target=\"_blank\" rel=\"noopener\">ANESTAPS<\/a><\/div><div>04 juin 2024<\/div><div><a href=\"https:\/\/www.liberation.fr\/idees-et-debats\/tribunes\/sport-sante-les-ambitions-du-gouvernement-disparaitront-elles-apres-les-jeux-olympiques-20240604_6YJP3I43LRHNZJB2HIQNTWR7BA\/\" target=\"_blank\" rel=\"noopener\">Ici<\/a><\/div><\/div><\/div><div>\u00a0<\/div><div><div><strong><span style=\"text-decoration: underline;\">Dauphin\u00e9 Lib\u00e9r\u00e9<\/span>, \u00ab\u00a0L\u2019activit\u00e9 physique adapt\u00e9e, le sport autrement\u00a0\u00bb <br \/><\/strong><\/div><div>Ana\u00efs Binghinotto<\/div><div>24 mai 2024<\/div><div><a href=\"https:\/\/www.ledauphine.com\/culture-loisirs\/2024\/05\/24\/l-activite-physique-adaptee-le-sport-autrement\" target=\"_blank\" rel=\"noopener\">Ici<\/a><\/div><\/div><div>\u00a0<\/div><div><div><strong><span style=\"text-decoration: underline;\">M6 Info<\/span>, \u00ab\u00a0Du sport sur-mesure pour les personnes en situation de handicap\u00a0\u00bb<\/strong><br \/>17 mai 2024<\/div><div><a href=\"https:\/\/youtu.be\/EVaHRM-qLFY?feature=shared\" target=\"_blank\" rel=\"noopener\">Ici<\/a><\/div><\/div><div>\u00a0<\/div><div><strong><span style=\"text-decoration: underline;\">France info<\/span>, C&rsquo;est ma sant\u00e9 : \u00ab\u00a0Soigner les maladies chroniques gr\u00e2ce \u00e0 l\u2019activit\u00e9 physique adapt\u00e9e\u00a0\u00bb<\/strong><br \/>G\u00e9raldine Zamansky, Martin Ducret<\/div><div>7 avril 2024<\/div><div><a href=\"https:\/\/www.francetvinfo.fr\/replay-radio\/c-est-ma-sante\/soigner-les-maladies-chroniques-grace-a-l-activite-physique-adaptee_6443005.html\" target=\"_blank\" rel=\"noopener\">Ici<\/a><\/div><div>\u00a0<\/div><div><div><div><div><strong><span style=\"text-decoration: underline;\">Le Point<\/span>, \u00ab\u00a0S\u00e9niors : comment bien choisir son sport\u00a0\u00bb<\/strong><br \/>Nathalie Lamoureux<\/div><div>16 mars 2024<\/div><div><a href=\"https:\/\/www.lepoint.fr\/societe\/seniors-comment-bien-choisir-son-sport-16-03-2024-2555187_23.php#11\" target=\"_blank\" rel=\"noopener\">Ici<\/a><\/div><\/div><div>\u00a0<\/div><\/div><div><strong><span style=\"text-decoration: underline;\">France T\u00e9l\u00e9visions<\/span>,\u00a0 JT de 13h France 2 : \u00ab\u00a0Sant\u00e9 : des retrait\u00e9s se mettent \u00e0 la boxe pour garder la forme\u00a0\u00bb<\/strong><\/div><div>A.-C. Roth, V. Ghiri, J.-M. Lequertier, C. Brunet, D. Chevalier<\/div><div>15 mars 2024<\/div><div><a href=\"https:\/\/www.francetvinfo.fr\/sante\/senior\/sante-des-retraites-se-mettent-a-la-boxe-pour-garder-la-forme_6426286.html\" target=\"_blank\" rel=\"noopener\">Ici<\/a><\/div><\/div><div><div><strong>\u00a0<\/strong><\/div><div><strong><span style=\"text-decoration: underline;\">France info<\/span>, C&rsquo;est ma sant\u00e9 : \u00ab\u00a0Enseignant en activit\u00e9 physique adapt\u00e9e : un m\u00e9tier m\u00e9connu\u00a0\u00bb<\/strong><\/div><div>G\u00e9raldine Zamansky, Martin Ducret<\/div><div>10 d\u00e9cembre 2023<\/div><div><a href=\"https:\/\/www.francetvinfo.fr\/replay-radio\/c-est-ma-sante\/enseignant-en-activite-physique-adaptee-un-metier-meconnu_6206286.html\" target=\"_blank\" rel=\"noopener\">Ici<\/a><\/div><\/div>\t\t\t\t\t\t\t\t<\/div>\n\t\t\t\t<\/div>\n\t\t\t\t\t<\/div>\n\t\t<\/div>\n\t\t\t\t\t<\/div>\n\t\t<\/section>\n\t\t\t\t<section class=\"elementor-section elementor-top-section elementor-element elementor-element-e05745d elementor-section-boxed elementor-section-height-default elementor-section-height-default\" data-id=\"e05745d\" data-element_type=\"section\" data-e-type=\"section\" data-settings=\"{&quot;dotlife_ext_is_background_parallax&quot;:&quot;false&quot;,&quot;dotlife_ext_is_background_backdrop&quot;:&quot;false&quot;}\">\n\t\t\t\t\t\t<div class=\"elementor-container elementor-column-gap-default\">\n\t\t\t\t\t<div class=\"elementor-column elementor-col-100 elementor-top-column elementor-element elementor-element-c81f01a\" data-id=\"c81f01a\" data-element_type=\"column\" data-e-type=\"column\" data-settings=\"{&quot;dotlife_ext_link_sidemenu&quot;:&quot;false&quot;,&quot;dotlife_ext_link_fullmenu&quot;:&quot;false&quot;,&quot;dotlife_ext_link_closed_fullmenu&quot;:&quot;false&quot;,&quot;dotlife_ext_is_scrollme&quot;:&quot;false&quot;,&quot;dotlife_ext_is_smoove&quot;:&quot;false&quot;,&quot;dotlife_ext_is_parallax_mouse&quot;:&quot;false&quot;,&quot;dotlife_ext_is_infinite&quot;:&quot;false&quot;,&quot;dotlife_ext_is_fadeout_animation&quot;:&quot;false&quot;,&quot;dotlife_ext_mobile_static&quot;:&quot;false&quot;}\">\n\t\t\t<div class=\"elementor-widget-wrap\">\n\t\t\t\t\t\t\t<\/div>\n\t\t<\/div>\n\t\t\t\t\t<\/div>\n\t\t<\/section>\n\t\t\t\t<\/div>","protected":false},"excerpt":{"rendered":"<p>Lib\u00e9ration, \u00ab Sport sant\u00e9 \u00bb : les ambitions du gouvernement dispara\u00eetront-elles apr\u00e8s les Jeux olympiques ?Tribune de l&rsquo;ANESTAPS04 juin 2024Ici\u00a0Dauphin\u00e9 Lib\u00e9r\u00e9, \u00ab\u00a0L\u2019activit\u00e9 physique adapt\u00e9e, le sport autrement\u00a0\u00bb Ana\u00efs Binghinotto24 mai 2024Ici\u00a0M6 Info, \u00ab\u00a0Du sport sur-mesure pour les personnes en situation [&hellip;]<\/p>\n","protected":false},"author":2,"featured_media":0,"parent":0,"menu_order":0,"comment_status":"closed","ping_status":"closed","template":"","meta":{"footnotes":""},"class_list":["post-5659","page","type-page","status-publish","hentry"],"yoast_head":"<!-- This site is optimized with the Yoast SEO plugin v27.4 - https:\/\/yoast.com\/product\/yoast-seo-wordpress\/ -->\n<title>On parle de nous ! - AFAPA<\/title>\n<meta name=\"robots\" content=\"index, follow, max-snippet:-1, max-image-preview:large, max-video-preview:-1\" \/>\n<link rel=\"canonical\" href=\"https:\/\/www.afapa.eu\/en\/on-parle-de-nous\/\" \/>\n<meta property=\"og:locale\" content=\"en_GB\" \/>\n<meta property=\"og:type\" content=\"article\" \/>\n<meta property=\"og:title\" content=\"On parle de nous ! - AFAPA\" \/>\n<meta property=\"og:description\" content=\"Lib\u00e9ration, \u00ab Sport sant\u00e9 \u00bb : les ambitions du gouvernement dispara\u00eetront-elles apr\u00e8s les Jeux olympiques ?Tribune de l&rsquo;ANESTAPS04 juin 2024Ici\u00a0Dauphin\u00e9 Lib\u00e9r\u00e9, \u00ab\u00a0L\u2019activit\u00e9 physique adapt\u00e9e, le sport autrement\u00a0\u00bb Ana\u00efs Binghinotto24 mai 2024Ici\u00a0M6 Info, \u00ab\u00a0Du sport sur-mesure pour les personnes en situation [&hellip;]\" \/>\n<meta property=\"og:url\" content=\"https:\/\/www.afapa.eu\/en\/on-parle-de-nous\/\" \/>\n<meta property=\"og:site_name\" content=\"AFAPA\" \/>\n<meta property=\"article:modified_time\" content=\"2024-06-09T11:42:45+00:00\" \/>\n<meta property=\"og:image\" content=\"https:\/\/www.afapa.eu\/wp-content\/uploads\/2024\/04\/pexels-terje-sollie-320617-300x200.jpg\" \/>\n<meta name=\"twitter:card\" content=\"summary_large_image\" \/>\n<meta name=\"twitter:label1\" content=\"Estimated reading time\" \/>\n\t<meta name=\"twitter:data1\" content=\"1 minute\" \/>\n<script type=\"application\/ld+json\" class=\"yoast-schema-graph\">{\"@context\":\"https:\\\/\\\/schema.org\",\"@graph\":[{\"@type\":\"WebPage\",\"@id\":\"https:\\\/\\\/www.afapa.eu\\\/on-parle-de-nous\\\/\",\"url\":\"https:\\\/\\\/www.afapa.eu\\\/on-parle-de-nous\\\/\",\"name\":\"On parle de nous ! - AFAPA\",\"isPartOf\":{\"@id\":\"https:\\\/\\\/www.afapa.eu\\\/#website\"},\"primaryImageOfPage\":{\"@id\":\"https:\\\/\\\/www.afapa.eu\\\/on-parle-de-nous\\\/#primaryimage\"},\"image\":{\"@id\":\"https:\\\/\\\/www.afapa.eu\\\/on-parle-de-nous\\\/#primaryimage\"},\"thumbnailUrl\":\"https:\\\/\\\/www.afapa.eu\\\/wp-content\\\/uploads\\\/2024\\\/04\\\/pexels-terje-sollie-320617-300x200.jpg\",\"datePublished\":\"2024-04-15T11:17:45+00:00\",\"dateModified\":\"2024-06-09T11:42:45+00:00\",\"breadcrumb\":{\"@id\":\"https:\\\/\\\/www.afapa.eu\\\/on-parle-de-nous\\\/#breadcrumb\"},\"inLanguage\":\"en-GB\",\"potentialAction\":[{\"@type\":\"ReadAction\",\"target\":[\"https:\\\/\\\/www.afapa.eu\\\/on-parle-de-nous\\\/\"]}]},{\"@type\":\"ImageObject\",\"inLanguage\":\"en-GB\",\"@id\":\"https:\\\/\\\/www.afapa.eu\\\/on-parle-de-nous\\\/#primaryimage\",\"url\":\"https:\\\/\\\/www.afapa.eu\\\/wp-content\\\/uploads\\\/2024\\\/04\\\/pexels-terje-sollie-320617-300x200.jpg\",\"contentUrl\":\"https:\\\/\\\/www.afapa.eu\\\/wp-content\\\/uploads\\\/2024\\\/04\\\/pexels-terje-sollie-320617-300x200.jpg\"},{\"@type\":\"BreadcrumbList\",\"@id\":\"https:\\\/\\\/www.afapa.eu\\\/on-parle-de-nous\\\/#breadcrumb\",\"itemListElement\":[{\"@type\":\"ListItem\",\"position\":1,\"name\":\"Accueil\",\"item\":\"https:\\\/\\\/www.afapa.eu\\\/\"},{\"@type\":\"ListItem\",\"position\":2,\"name\":\"On parle de nous !\"}]},{\"@type\":\"WebSite\",\"@id\":\"https:\\\/\\\/www.afapa.eu\\\/#website\",\"url\":\"https:\\\/\\\/www.afapa.eu\\\/\",\"name\":\"AFAPA\",\"description\":\"Bienvenue sur le site de l&#039;AFAPA\",\"publisher\":{\"@id\":\"https:\\\/\\\/www.afapa.eu\\\/#organization\"},\"potentialAction\":[{\"@type\":\"SearchAction\",\"target\":{\"@type\":\"EntryPoint\",\"urlTemplate\":\"https:\\\/\\\/www.afapa.eu\\\/?s={search_term_string}\"},\"query-input\":{\"@type\":\"PropertyValueSpecification\",\"valueRequired\":true,\"valueName\":\"search_term_string\"}}],\"inLanguage\":\"en-GB\"},{\"@type\":\"Organization\",\"@id\":\"https:\\\/\\\/www.afapa.eu\\\/#organization\",\"name\":\"AFAPA\",\"alternateName\":\"AFAPA\",\"url\":\"https:\\\/\\\/www.afapa.eu\\\/\",\"logo\":{\"@type\":\"ImageObject\",\"inLanguage\":\"en-GB\",\"@id\":\"https:\\\/\\\/www.afapa.eu\\\/#\\\/schema\\\/logo\\\/image\\\/\",\"url\":\"https:\\\/\\\/www.afapa.eu\\\/wp-content\\\/uploads\\\/2023\\\/03\\\/logo_afapa.png\",\"contentUrl\":\"https:\\\/\\\/www.afapa.eu\\\/wp-content\\\/uploads\\\/2023\\\/03\\\/logo_afapa.png\",\"width\":1206,\"height\":390,\"caption\":\"AFAPA\"},\"image\":{\"@id\":\"https:\\\/\\\/www.afapa.eu\\\/#\\\/schema\\\/logo\\\/image\\\/\"}}]}<\/script>\n<!-- \/ Yoast SEO plugin. -->","yoast_head_json":{"title":"On parle de nous ! - AFAPA","robots":{"index":"index","follow":"follow","max-snippet":"max-snippet:-1","max-image-preview":"max-image-preview:large","max-video-preview":"max-video-preview:-1"},"canonical":"https:\/\/www.afapa.eu\/en\/on-parle-de-nous\/","og_locale":"en_GB","og_type":"article","og_title":"On parle de nous ! - AFAPA","og_description":"Lib\u00e9ration, \u00ab Sport sant\u00e9 \u00bb : les ambitions du gouvernement dispara\u00eetront-elles apr\u00e8s les Jeux olympiques ?Tribune de l&rsquo;ANESTAPS04 juin 2024Ici\u00a0Dauphin\u00e9 Lib\u00e9r\u00e9, \u00ab\u00a0L\u2019activit\u00e9 physique adapt\u00e9e, le sport autrement\u00a0\u00bb Ana\u00efs Binghinotto24 mai 2024Ici\u00a0M6 Info, \u00ab\u00a0Du sport sur-mesure pour les personnes en situation [&hellip;]","og_url":"https:\/\/www.afapa.eu\/en\/on-parle-de-nous\/","og_site_name":"AFAPA","article_modified_time":"2024-06-09T11:42:45+00:00","og_image":[{"url":"https:\/\/www.afapa.eu\/wp-content\/uploads\/2024\/04\/pexels-terje-sollie-320617-300x200.jpg","type":"","width":"","height":""}],"twitter_card":"summary_large_image","twitter_misc":{"Estimated reading time":"1 minute"},"schema":{"@context":"https:\/\/schema.org","@graph":[{"@type":"WebPage","@id":"https:\/\/www.afapa.eu\/on-parle-de-nous\/","url":"https:\/\/www.afapa.eu\/on-parle-de-nous\/","name":"On parle de nous ! - AFAPA","isPartOf":{"@id":"https:\/\/www.afapa.eu\/#website"},"primaryImageOfPage":{"@id":"https:\/\/www.afapa.eu\/on-parle-de-nous\/#primaryimage"},"image":{"@id":"https:\/\/www.afapa.eu\/on-parle-de-nous\/#primaryimage"},"thumbnailUrl":"https:\/\/www.afapa.eu\/wp-content\/uploads\/2024\/04\/pexels-terje-sollie-320617-300x200.jpg","datePublished":"2024-04-15T11:17:45+00:00","dateModified":"2024-06-09T11:42:45+00:00","breadcrumb":{"@id":"https:\/\/www.afapa.eu\/on-parle-de-nous\/#breadcrumb"},"inLanguage":"en-GB","potentialAction":[{"@type":"ReadAction","target":["https:\/\/www.afapa.eu\/on-parle-de-nous\/"]}]},{"@type":"ImageObject","inLanguage":"en-GB","@id":"https:\/\/www.afapa.eu\/on-parle-de-nous\/#primaryimage","url":"https:\/\/www.afapa.eu\/wp-content\/uploads\/2024\/04\/pexels-terje-sollie-320617-300x200.jpg","contentUrl":"https:\/\/www.afapa.eu\/wp-content\/uploads\/2024\/04\/pexels-terje-sollie-320617-300x200.jpg"},{"@type":"BreadcrumbList","@id":"https:\/\/www.afapa.eu\/on-parle-de-nous\/#breadcrumb","itemListElement":[{"@type":"ListItem","position":1,"name":"Accueil","item":"https:\/\/www.afapa.eu\/"},{"@type":"ListItem","position":2,"name":"On parle de nous !"}]},{"@type":"WebSite","@id":"https:\/\/www.afapa.eu\/#website","url":"https:\/\/www.afapa.eu\/","name":"AFAPA","description":"Bienvenue sur le site de l&#039;AFAPA","publisher":{"@id":"https:\/\/www.afapa.eu\/#organization"},"potentialAction":[{"@type":"SearchAction","target":{"@type":"EntryPoint","urlTemplate":"https:\/\/www.afapa.eu\/?s={search_term_string}"},"query-input":{"@type":"PropertyValueSpecification","valueRequired":true,"valueName":"search_term_string"}}],"inLanguage":"en-GB"},{"@type":"Organization","@id":"https:\/\/www.afapa.eu\/#organization","name":"AFAPA","alternateName":"AFAPA","url":"https:\/\/www.afapa.eu\/","logo":{"@type":"ImageObject","inLanguage":"en-GB","@id":"https:\/\/www.afapa.eu\/#\/schema\/logo\/image\/","url":"https:\/\/www.afapa.eu\/wp-content\/uploads\/2023\/03\/logo_afapa.png","contentUrl":"https:\/\/www.afapa.eu\/wp-content\/uploads\/2023\/03\/logo_afapa.png","width":1206,"height":390,"caption":"AFAPA"},"image":{"@id":"https:\/\/www.afapa.eu\/#\/schema\/logo\/image\/"}}]}},"_links":{"self":[{"href":"https:\/\/www.afapa.eu\/en\/wp-json\/wp\/v2\/pages\/5659","targetHints":{"allow":["GET"]}}],"collection":[{"href":"https:\/\/www.afapa.eu\/en\/wp-json\/wp\/v2\/pages"}],"about":[{"href":"https:\/\/www.afapa.eu\/en\/wp-json\/wp\/v2\/types\/page"}],"author":[{"embeddable":true,"href":"https:\/\/www.afapa.eu\/en\/wp-json\/wp\/v2\/users\/2"}],"replies":[{"embeddable":true,"href":"https:\/\/www.afapa.eu\/en\/wp-json\/wp\/v2\/comments?post=5659"}],"version-history":[{"count":45,"href":"https:\/\/www.afapa.eu\/en\/wp-json\/wp\/v2\/pages\/5659\/revisions"}],"predecessor-version":[{"id":6076,"href":"https:\/\/www.afapa.eu\/en\/wp-json\/wp\/v2\/pages\/5659\/revisions\/6076"}],"wp:attachment":[{"href":"https:\/\/www.afapa.eu\/en\/wp-json\/wp\/v2\/media?parent=5659"}],"curies":[{"name":"wp","href":"https:\/\/api.w.org\/{rel}","templated":true}]}}