{"id":5941,"date":"2024-05-24T10:06:43","date_gmt":"2024-05-24T08:06:43","guid":{"rendered":"https:\/\/www.afapa.eu\/?page_id=5941"},"modified":"2024-05-24T11:12:24","modified_gmt":"2024-05-24T09:12:24","slug":"entretenir-sa-sante-par-lactivite-physique-et-les-sports","status":"publish","type":"page","link":"https:\/\/www.afapa.eu\/en\/entretenir-sa-sante-par-lactivite-physique-et-les-sports\/","title":{"rendered":"\u00abEntretenir sa sant\u00e9 par l\u2019activit\u00e9 physique et les sports\u00bb"},"content":{"rendered":"<div data-elementor-type=\"wp-page\" data-elementor-id=\"5941\" class=\"elementor elementor-5941\">\n\t\t\t\t\t\t<section class=\"elementor-section elementor-top-section elementor-element elementor-element-14b35ae elementor-section-boxed elementor-section-height-default elementor-section-height-default\" data-id=\"14b35ae\" data-element_type=\"section\" data-e-type=\"section\" data-settings=\"{&quot;dotlife_ext_is_background_parallax&quot;:&quot;false&quot;,&quot;dotlife_ext_is_background_backdrop&quot;:&quot;false&quot;}\">\n\t\t\t\t\t\t<div class=\"elementor-container elementor-column-gap-default\">\n\t\t\t\t\t<div class=\"elementor-column elementor-col-100 elementor-top-column elementor-element elementor-element-56bfd99\" data-id=\"56bfd99\" data-element_type=\"column\" data-e-type=\"column\" data-settings=\"{&quot;dotlife_ext_link_sidemenu&quot;:&quot;false&quot;,&quot;dotlife_ext_link_fullmenu&quot;:&quot;false&quot;,&quot;dotlife_ext_link_closed_fullmenu&quot;:&quot;false&quot;,&quot;dotlife_ext_is_scrollme&quot;:&quot;false&quot;,&quot;dotlife_ext_is_smoove&quot;:&quot;false&quot;,&quot;dotlife_ext_is_parallax_mouse&quot;:&quot;false&quot;,&quot;dotlife_ext_is_infinite&quot;:&quot;false&quot;,&quot;dotlife_ext_is_fadeout_animation&quot;:&quot;false&quot;,&quot;dotlife_ext_mobile_static&quot;:&quot;false&quot;}\">\n\t\t\t<div class=\"elementor-widget-wrap elementor-element-populated\">\n\t\t\t\t\t\t<div class=\"elementor-element elementor-element-5a75b68 elementor-widget elementor-widget-heading\" data-id=\"5a75b68\" data-element_type=\"widget\" data-e-type=\"widget\" data-settings=\"{&quot;dotlife_ext_link_sidemenu&quot;:&quot;false&quot;,&quot;dotlife_ext_link_fullmenu&quot;:&quot;false&quot;,&quot;dotlife_ext_link_closed_fullmenu&quot;:&quot;false&quot;,&quot;dotlife_ext_is_scrollme&quot;:&quot;false&quot;,&quot;dotlife_ext_is_smoove&quot;:&quot;false&quot;,&quot;dotlife_ext_is_parallax_mouse&quot;:&quot;false&quot;,&quot;dotlife_ext_is_infinite&quot;:&quot;false&quot;,&quot;dotlife_ext_is_fadeout_animation&quot;:&quot;false&quot;,&quot;dotlife_ext_mobile_static&quot;:&quot;false&quot;}\" data-widget_type=\"heading.default\">\n\t\t\t\t<div class=\"elementor-widget-container\">\n\t\t\t\t\t<h2 class=\"elementor-heading-title elementor-size-default\">Yves Eberhard, Professeur Honoraire de l'Universit\u00e9 Grenoble Alpes<\/h2>\t\t\t\t<\/div>\n\t\t\t\t<\/div>\n\t\t\t\t\t<\/div>\n\t\t<\/div>\n\t\t\t\t\t<\/div>\n\t\t<\/section>\n\t\t\t\t<section class=\"elementor-section elementor-top-section elementor-element elementor-element-09ee5e3 elementor-section-boxed elementor-section-height-default elementor-section-height-default\" data-id=\"09ee5e3\" data-element_type=\"section\" data-e-type=\"section\" data-settings=\"{&quot;dotlife_ext_is_background_parallax&quot;:&quot;false&quot;,&quot;dotlife_ext_is_background_backdrop&quot;:&quot;false&quot;}\">\n\t\t\t\t\t\t<div class=\"elementor-container elementor-column-gap-default\">\n\t\t\t\t\t<div class=\"elementor-column elementor-col-100 elementor-top-column elementor-element elementor-element-3a7caee\" data-id=\"3a7caee\" data-element_type=\"column\" data-e-type=\"column\" data-settings=\"{&quot;dotlife_ext_link_sidemenu&quot;:&quot;false&quot;,&quot;dotlife_ext_link_fullmenu&quot;:&quot;false&quot;,&quot;dotlife_ext_link_closed_fullmenu&quot;:&quot;false&quot;,&quot;dotlife_ext_is_scrollme&quot;:&quot;false&quot;,&quot;dotlife_ext_is_smoove&quot;:&quot;false&quot;,&quot;dotlife_ext_is_parallax_mouse&quot;:&quot;false&quot;,&quot;dotlife_ext_is_infinite&quot;:&quot;false&quot;,&quot;dotlife_ext_is_fadeout_animation&quot;:&quot;false&quot;,&quot;dotlife_ext_mobile_static&quot;:&quot;false&quot;}\">\n\t\t\t<div class=\"elementor-widget-wrap elementor-element-populated\">\n\t\t\t\t\t\t<div class=\"elementor-element elementor-element-4ea6337 elementor-widget elementor-widget-text-editor\" data-id=\"4ea6337\" data-element_type=\"widget\" data-e-type=\"widget\" data-settings=\"{&quot;dotlife_ext_link_sidemenu&quot;:&quot;false&quot;,&quot;dotlife_ext_link_fullmenu&quot;:&quot;false&quot;,&quot;dotlife_ext_link_closed_fullmenu&quot;:&quot;false&quot;,&quot;dotlife_ext_is_scrollme&quot;:&quot;false&quot;,&quot;dotlife_ext_is_smoove&quot;:&quot;false&quot;,&quot;dotlife_ext_is_parallax_mouse&quot;:&quot;false&quot;,&quot;dotlife_ext_is_infinite&quot;:&quot;false&quot;,&quot;dotlife_ext_is_fadeout_animation&quot;:&quot;false&quot;,&quot;dotlife_ext_mobile_static&quot;:&quot;false&quot;}\" data-widget_type=\"text-editor.default\">\n\t\t\t\t<div class=\"elementor-widget-container\">\n\t\t\t\t\t\t\t\t\t<p style=\"text-align: center;\"><strong>1er juin 2024 \u00e0 15h<\/strong><br \/>M\u00e9diath\u00e8que Yvon Traineau<br \/>5 Rue du Grand Vitrail, 85230 Bouin<br \/><strong>T\u00e9l :<\/strong> 02 51 49 74 14<br \/><strong>Mail :<\/strong> contact@bouin.fr<\/p>\t\t\t\t\t\t\t\t<\/div>\n\t\t\t\t<\/div>\n\t\t\t\t\t<\/div>\n\t\t<\/div>\n\t\t\t\t\t<\/div>\n\t\t<\/section>\n\t\t\t\t<section class=\"elementor-section elementor-top-section elementor-element elementor-element-2cb484c elementor-section-boxed elementor-section-height-default elementor-section-height-default\" data-id=\"2cb484c\" data-element_type=\"section\" data-e-type=\"section\" data-settings=\"{&quot;dotlife_ext_is_background_parallax&quot;:&quot;false&quot;,&quot;dotlife_ext_is_background_backdrop&quot;:&quot;false&quot;}\">\n\t\t\t\t\t\t<div class=\"elementor-container elementor-column-gap-default\">\n\t\t\t\t\t<div class=\"elementor-column elementor-col-100 elementor-top-column elementor-element elementor-element-1929fcc\" data-id=\"1929fcc\" data-element_type=\"column\" data-e-type=\"column\" data-settings=\"{&quot;dotlife_ext_link_sidemenu&quot;:&quot;false&quot;,&quot;dotlife_ext_link_fullmenu&quot;:&quot;false&quot;,&quot;dotlife_ext_link_closed_fullmenu&quot;:&quot;false&quot;,&quot;dotlife_ext_is_scrollme&quot;:&quot;false&quot;,&quot;dotlife_ext_is_smoove&quot;:&quot;false&quot;,&quot;dotlife_ext_is_parallax_mouse&quot;:&quot;false&quot;,&quot;dotlife_ext_is_infinite&quot;:&quot;false&quot;,&quot;dotlife_ext_is_fadeout_animation&quot;:&quot;false&quot;,&quot;dotlife_ext_mobile_static&quot;:&quot;false&quot;}\">\n\t\t\t<div class=\"elementor-widget-wrap elementor-element-populated\">\n\t\t\t\t\t\t<div class=\"elementor-element elementor-element-fa58cb7 elementor-widget elementor-widget-text-editor\" data-id=\"fa58cb7\" data-element_type=\"widget\" data-e-type=\"widget\" data-settings=\"{&quot;dotlife_ext_link_sidemenu&quot;:&quot;false&quot;,&quot;dotlife_ext_link_fullmenu&quot;:&quot;false&quot;,&quot;dotlife_ext_link_closed_fullmenu&quot;:&quot;false&quot;,&quot;dotlife_ext_is_scrollme&quot;:&quot;false&quot;,&quot;dotlife_ext_is_smoove&quot;:&quot;false&quot;,&quot;dotlife_ext_is_parallax_mouse&quot;:&quot;false&quot;,&quot;dotlife_ext_is_infinite&quot;:&quot;false&quot;,&quot;dotlife_ext_is_fadeout_animation&quot;:&quot;false&quot;,&quot;dotlife_ext_mobile_static&quot;:&quot;false&quot;}\" data-widget_type=\"text-editor.default\">\n\t\t\t\t<div class=\"elementor-widget-container\">\n\t\t\t\t\t\t\t\t\t<p><strong>R\u00e9sum\u00e9.<\/strong><\/p><p>En milieu de cette ann\u00e9e 2024, les focus m\u00e9diatiques iront aux XXXIII\u00e8mes Jeux Olympiques de l\u2019\u00e8re moderne de Paris. Les limites de la performance humaine, les disciplines nouvelles, la course aux m\u00e9dailles vont constituer des enjeux et spectacles largement m\u00e9diatis\u00e9s et hautement lucratifs, bien \u00e9loign\u00e9s des origines antiques.<\/p><p>Dans le courant de cet engouement national pour un \u00e9v\u00e8nement plan\u00e9taire, l\u2019objet de cette communication est de dresser, \u00e0 cette occasion, un \u00e9tat des lieux des b\u00e9n\u00e9fices prouv\u00e9s scientifiquement par l\u2019utilisation de \u00ab m\u00e9thodologies \u00bb issus d\u2019une pratique r\u00e9guli\u00e8re et contr\u00f4l\u00e9e de l\u2019activit\u00e9 physique sportive ou non sportive \u00e0 des fins de protection de la sant\u00e9. En ce sens, encourager la population d\u2019une nation \u00e0 \u00eatre plus active physiquement par une meilleure adh\u00e9sion aux nombreuses disciplines sportives offertes, est une attitude logique des pouvoirs publics. De plus, les connaissances actuelles montrent qu\u2019il n\u2019y a, en effet, aucune contre-indication connue \u00e0 l\u2019activit\u00e9 physique adapt\u00e9e aux seniors, comme aux personnes malades ou en situation de handicap. Plus pr\u00e9cis\u00e9ment, il s\u2019agira au cours de cette communication, d\u2019expliquer et de vulgariser les donn\u00e9es scientifiques actuelles afin de promouvoir, chez le plus grand nombre de femmes et d\u2019hommes, l\u2019utilisation de l\u2019activit\u00e9 musculaire \u00ab \u00e9nerg\u00e9tique \u00bb visant la pr\u00e9vention et le traitement des maladies li\u00e9es au mode de vie des pays dits d\u00e9velopp\u00e9s et \u00e9conomiquement riches.<\/p><p>Des questions \u00e0 propos du \u00ab bien vieillir selon un style de vie actif \u00bb, y compris dans les maladies et situations de handicaps, pourront \u00eatre \u00e9voqu\u00e9es et faire l\u2019objet de d\u00e9bats.<\/p>\t\t\t\t\t\t\t\t<\/div>\n\t\t\t\t<\/div>\n\t\t\t\t\t<\/div>\n\t\t<\/div>\n\t\t\t\t\t<\/div>\n\t\t<\/section>\n\t\t\t\t<section class=\"elementor-section elementor-top-section elementor-element elementor-element-e800e07 elementor-section-boxed elementor-section-height-default elementor-section-height-default\" data-id=\"e800e07\" data-element_type=\"section\" data-e-type=\"section\" data-settings=\"{&quot;dotlife_ext_is_background_parallax&quot;:&quot;false&quot;,&quot;dotlife_ext_is_background_backdrop&quot;:&quot;false&quot;}\">\n\t\t\t\t\t\t<div class=\"elementor-container elementor-column-gap-default\">\n\t\t\t\t\t<div class=\"elementor-column elementor-col-100 elementor-top-column elementor-element elementor-element-e10eca9\" data-id=\"e10eca9\" data-element_type=\"column\" data-e-type=\"column\" data-settings=\"{&quot;dotlife_ext_link_sidemenu&quot;:&quot;false&quot;,&quot;dotlife_ext_link_fullmenu&quot;:&quot;false&quot;,&quot;dotlife_ext_link_closed_fullmenu&quot;:&quot;false&quot;,&quot;dotlife_ext_is_scrollme&quot;:&quot;false&quot;,&quot;dotlife_ext_is_smoove&quot;:&quot;false&quot;,&quot;dotlife_ext_is_parallax_mouse&quot;:&quot;false&quot;,&quot;dotlife_ext_is_infinite&quot;:&quot;false&quot;,&quot;dotlife_ext_is_fadeout_animation&quot;:&quot;false&quot;,&quot;dotlife_ext_mobile_static&quot;:&quot;false&quot;}\">\n\t\t\t<div class=\"elementor-widget-wrap elementor-element-populated\">\n\t\t\t\t\t\t<div class=\"elementor-element elementor-element-13f49c5 elementor-widget elementor-widget-image\" data-id=\"13f49c5\" data-element_type=\"widget\" data-e-type=\"widget\" data-settings=\"{&quot;dotlife_image_is_animation&quot;:&quot;false&quot;,&quot;dotlife_ext_link_sidemenu&quot;:&quot;false&quot;,&quot;dotlife_ext_link_fullmenu&quot;:&quot;false&quot;,&quot;dotlife_ext_link_closed_fullmenu&quot;:&quot;false&quot;,&quot;dotlife_ext_is_scrollme&quot;:&quot;false&quot;,&quot;dotlife_ext_is_smoove&quot;:&quot;false&quot;,&quot;dotlife_ext_is_parallax_mouse&quot;:&quot;false&quot;,&quot;dotlife_ext_is_infinite&quot;:&quot;false&quot;,&quot;dotlife_ext_is_fadeout_animation&quot;:&quot;false&quot;,&quot;dotlife_ext_mobile_static&quot;:&quot;false&quot;}\" data-widget_type=\"image.default\">\n\t\t\t\t<div class=\"elementor-widget-container\">\n\t\t\t\t\t\t\t\t\t\t\t\t\t\t\t<img fetchpriority=\"high\" decoding=\"async\" width=\"724\" height=\"1024\" src=\"https:\/\/www.afapa.eu\/wp-content\/uploads\/2024\/05\/Sans-titre-724x1024.jpg\" class=\"attachment-large size-large wp-image-5944\" alt=\"\" srcset=\"https:\/\/www.afapa.eu\/wp-content\/uploads\/2024\/05\/Sans-titre-724x1024.jpg 724w, https:\/\/www.afapa.eu\/wp-content\/uploads\/2024\/05\/Sans-titre-212x300.jpg 212w, https:\/\/www.afapa.eu\/wp-content\/uploads\/2024\/05\/Sans-titre-768x1087.jpg 768w, https:\/\/www.afapa.eu\/wp-content\/uploads\/2024\/05\/Sans-titre-1086x1536.jpg 1086w, https:\/\/www.afapa.eu\/wp-content\/uploads\/2024\/05\/Sans-titre-8x12.jpg 8w, https:\/\/www.afapa.eu\/wp-content\/uploads\/2024\/05\/Sans-titre-440x622.jpg 440w, https:\/\/www.afapa.eu\/wp-content\/uploads\/2024\/05\/Sans-titre.jpg 1126w\" sizes=\"(max-width: 724px) 100vw, 724px\" \/>\t\t\t\t\t\t\t\t\t\t\t\t\t\t\t<\/div>\n\t\t\t\t<\/div>\n\t\t\t\t\t<\/div>\n\t\t<\/div>\n\t\t\t\t\t<\/div>\n\t\t<\/section>\n\t\t\t\t<\/div>","protected":false},"excerpt":{"rendered":"<p>Yves Eberhard, Professeur Honoraire de l&rsquo;Universit\u00e9 Grenoble Alpes 1er juin 2024 \u00e0 15hM\u00e9diath\u00e8que Yvon Traineau5 Rue du Grand Vitrail, 85230 BouinT\u00e9l : 02 51 49 74 14Mail : contact@bouin.fr R\u00e9sum\u00e9. En milieu de cette ann\u00e9e 2024, les focus m\u00e9diatiques iront [&hellip;]<\/p>\n","protected":false},"author":2,"featured_media":0,"parent":0,"menu_order":0,"comment_status":"closed","ping_status":"closed","template":"","meta":{"footnotes":""},"class_list":["post-5941","page","type-page","status-publish","hentry"],"yoast_head":"<!-- This site is optimized with the Yoast SEO plugin v27.1.1 - https:\/\/yoast.com\/product\/yoast-seo-wordpress\/ -->\n<title>\u00abEntretenir sa sant\u00e9 par l\u2019activit\u00e9 physique et les sports\u00bb - AFAPA<\/title>\n<meta name=\"robots\" content=\"index, follow, max-snippet:-1, max-image-preview:large, max-video-preview:-1\" \/>\n<link rel=\"canonical\" href=\"https:\/\/www.afapa.eu\/en\/entretenir-sa-sante-par-lactivite-physique-et-les-sports\/\" \/>\n<meta property=\"og:locale\" content=\"en_GB\" \/>\n<meta property=\"og:type\" content=\"article\" \/>\n<meta property=\"og:title\" content=\"\u00abEntretenir sa sant\u00e9 par l\u2019activit\u00e9 physique et les sports\u00bb - AFAPA\" \/>\n<meta property=\"og:description\" content=\"Yves Eberhard, Professeur Honoraire de l&rsquo;Universit\u00e9 Grenoble Alpes 1er juin 2024 \u00e0 15hM\u00e9diath\u00e8que Yvon Traineau5 Rue du Grand Vitrail, 85230 BouinT\u00e9l : 02 51 49 74 14Mail : contact@bouin.fr R\u00e9sum\u00e9. En milieu de cette ann\u00e9e 2024, les focus m\u00e9diatiques iront [&hellip;]\" \/>\n<meta property=\"og:url\" content=\"https:\/\/www.afapa.eu\/en\/entretenir-sa-sante-par-lactivite-physique-et-les-sports\/\" \/>\n<meta property=\"og:site_name\" content=\"AFAPA\" \/>\n<meta property=\"article:modified_time\" content=\"2024-05-24T09:12:24+00:00\" \/>\n<meta property=\"og:image\" content=\"https:\/\/www.afapa.eu\/wp-content\/uploads\/2024\/05\/Sans-titre-724x1024.jpg\" \/>\n<meta name=\"twitter:card\" content=\"summary_large_image\" \/>\n<meta name=\"twitter:label1\" content=\"Estimated reading time\" \/>\n\t<meta name=\"twitter:data1\" content=\"2 minutes\" \/>\n<script type=\"application\/ld+json\" class=\"yoast-schema-graph\">{\"@context\":\"https:\/\/schema.org\",\"@graph\":[{\"@type\":\"WebPage\",\"@id\":\"https:\/\/www.afapa.eu\/entretenir-sa-sante-par-lactivite-physique-et-les-sports\/\",\"url\":\"https:\/\/www.afapa.eu\/entretenir-sa-sante-par-lactivite-physique-et-les-sports\/\",\"name\":\"\u00abEntretenir sa sant\u00e9 par l\u2019activit\u00e9 physique et les sports\u00bb - AFAPA\",\"isPartOf\":{\"@id\":\"https:\/\/www.afapa.eu\/#website\"},\"primaryImageOfPage\":{\"@id\":\"https:\/\/www.afapa.eu\/entretenir-sa-sante-par-lactivite-physique-et-les-sports\/#primaryimage\"},\"image\":{\"@id\":\"https:\/\/www.afapa.eu\/entretenir-sa-sante-par-lactivite-physique-et-les-sports\/#primaryimage\"},\"thumbnailUrl\":\"https:\/\/www.afapa.eu\/wp-content\/uploads\/2024\/05\/Sans-titre-724x1024.jpg\",\"datePublished\":\"2024-05-24T08:06:43+00:00\",\"dateModified\":\"2024-05-24T09:12:24+00:00\",\"breadcrumb\":{\"@id\":\"https:\/\/www.afapa.eu\/entretenir-sa-sante-par-lactivite-physique-et-les-sports\/#breadcrumb\"},\"inLanguage\":\"en-GB\",\"potentialAction\":[{\"@type\":\"ReadAction\",\"target\":[\"https:\/\/www.afapa.eu\/entretenir-sa-sante-par-lactivite-physique-et-les-sports\/\"]}]},{\"@type\":\"ImageObject\",\"inLanguage\":\"en-GB\",\"@id\":\"https:\/\/www.afapa.eu\/entretenir-sa-sante-par-lactivite-physique-et-les-sports\/#primaryimage\",\"url\":\"https:\/\/www.afapa.eu\/wp-content\/uploads\/2024\/05\/Sans-titre-724x1024.jpg\",\"contentUrl\":\"https:\/\/www.afapa.eu\/wp-content\/uploads\/2024\/05\/Sans-titre-724x1024.jpg\"},{\"@type\":\"BreadcrumbList\",\"@id\":\"https:\/\/www.afapa.eu\/entretenir-sa-sante-par-lactivite-physique-et-les-sports\/#breadcrumb\",\"itemListElement\":[{\"@type\":\"ListItem\",\"position\":1,\"name\":\"Accueil\",\"item\":\"https:\/\/www.afapa.eu\/\"},{\"@type\":\"ListItem\",\"position\":2,\"name\":\"\u00abEntretenir sa sant\u00e9 par l\u2019activit\u00e9 physique et les sports\u00bb\"}]},{\"@type\":\"WebSite\",\"@id\":\"https:\/\/www.afapa.eu\/#website\",\"url\":\"https:\/\/www.afapa.eu\/\",\"name\":\"AFAPA\",\"description\":\"Bienvenue sur le site de l&#039;AFAPA\",\"publisher\":{\"@id\":\"https:\/\/www.afapa.eu\/#organization\"},\"potentialAction\":[{\"@type\":\"SearchAction\",\"target\":{\"@type\":\"EntryPoint\",\"urlTemplate\":\"https:\/\/www.afapa.eu\/?s={search_term_string}\"},\"query-input\":{\"@type\":\"PropertyValueSpecification\",\"valueRequired\":true,\"valueName\":\"search_term_string\"}}],\"inLanguage\":\"en-GB\"},{\"@type\":\"Organization\",\"@id\":\"https:\/\/www.afapa.eu\/#organization\",\"name\":\"AFAPA\",\"alternateName\":\"AFAPA\",\"url\":\"https:\/\/www.afapa.eu\/\",\"logo\":{\"@type\":\"ImageObject\",\"inLanguage\":\"en-GB\",\"@id\":\"https:\/\/www.afapa.eu\/#\/schema\/logo\/image\/\",\"url\":\"https:\/\/www.afapa.eu\/wp-content\/uploads\/2023\/03\/logo_afapa.png\",\"contentUrl\":\"https:\/\/www.afapa.eu\/wp-content\/uploads\/2023\/03\/logo_afapa.png\",\"width\":1206,\"height\":390,\"caption\":\"AFAPA\"},\"image\":{\"@id\":\"https:\/\/www.afapa.eu\/#\/schema\/logo\/image\/\"}}]}<\/script>\n<!-- \/ Yoast SEO plugin. -->","yoast_head_json":{"title":"\u00abEntretenir sa sant\u00e9 par l\u2019activit\u00e9 physique et les sports\u00bb - AFAPA","robots":{"index":"index","follow":"follow","max-snippet":"max-snippet:-1","max-image-preview":"max-image-preview:large","max-video-preview":"max-video-preview:-1"},"canonical":"https:\/\/www.afapa.eu\/en\/entretenir-sa-sante-par-lactivite-physique-et-les-sports\/","og_locale":"en_GB","og_type":"article","og_title":"\u00abEntretenir sa sant\u00e9 par l\u2019activit\u00e9 physique et les sports\u00bb - AFAPA","og_description":"Yves Eberhard, Professeur Honoraire de l&rsquo;Universit\u00e9 Grenoble Alpes 1er juin 2024 \u00e0 15hM\u00e9diath\u00e8que Yvon Traineau5 Rue du Grand Vitrail, 85230 BouinT\u00e9l : 02 51 49 74 14Mail : contact@bouin.fr R\u00e9sum\u00e9. En milieu de cette ann\u00e9e 2024, les focus m\u00e9diatiques iront [&hellip;]","og_url":"https:\/\/www.afapa.eu\/en\/entretenir-sa-sante-par-lactivite-physique-et-les-sports\/","og_site_name":"AFAPA","article_modified_time":"2024-05-24T09:12:24+00:00","og_image":[{"url":"https:\/\/www.afapa.eu\/wp-content\/uploads\/2024\/05\/Sans-titre-724x1024.jpg","type":"","width":"","height":""}],"twitter_card":"summary_large_image","twitter_misc":{"Estimated reading time":"2 minutes"},"schema":{"@context":"https:\/\/schema.org","@graph":[{"@type":"WebPage","@id":"https:\/\/www.afapa.eu\/entretenir-sa-sante-par-lactivite-physique-et-les-sports\/","url":"https:\/\/www.afapa.eu\/entretenir-sa-sante-par-lactivite-physique-et-les-sports\/","name":"\u00abEntretenir sa sant\u00e9 par l\u2019activit\u00e9 physique et les sports\u00bb - AFAPA","isPartOf":{"@id":"https:\/\/www.afapa.eu\/#website"},"primaryImageOfPage":{"@id":"https:\/\/www.afapa.eu\/entretenir-sa-sante-par-lactivite-physique-et-les-sports\/#primaryimage"},"image":{"@id":"https:\/\/www.afapa.eu\/entretenir-sa-sante-par-lactivite-physique-et-les-sports\/#primaryimage"},"thumbnailUrl":"https:\/\/www.afapa.eu\/wp-content\/uploads\/2024\/05\/Sans-titre-724x1024.jpg","datePublished":"2024-05-24T08:06:43+00:00","dateModified":"2024-05-24T09:12:24+00:00","breadcrumb":{"@id":"https:\/\/www.afapa.eu\/entretenir-sa-sante-par-lactivite-physique-et-les-sports\/#breadcrumb"},"inLanguage":"en-GB","potentialAction":[{"@type":"ReadAction","target":["https:\/\/www.afapa.eu\/entretenir-sa-sante-par-lactivite-physique-et-les-sports\/"]}]},{"@type":"ImageObject","inLanguage":"en-GB","@id":"https:\/\/www.afapa.eu\/entretenir-sa-sante-par-lactivite-physique-et-les-sports\/#primaryimage","url":"https:\/\/www.afapa.eu\/wp-content\/uploads\/2024\/05\/Sans-titre-724x1024.jpg","contentUrl":"https:\/\/www.afapa.eu\/wp-content\/uploads\/2024\/05\/Sans-titre-724x1024.jpg"},{"@type":"BreadcrumbList","@id":"https:\/\/www.afapa.eu\/entretenir-sa-sante-par-lactivite-physique-et-les-sports\/#breadcrumb","itemListElement":[{"@type":"ListItem","position":1,"name":"Accueil","item":"https:\/\/www.afapa.eu\/"},{"@type":"ListItem","position":2,"name":"\u00abEntretenir sa sant\u00e9 par l\u2019activit\u00e9 physique et les sports\u00bb"}]},{"@type":"WebSite","@id":"https:\/\/www.afapa.eu\/#website","url":"https:\/\/www.afapa.eu\/","name":"AFAPA","description":"Bienvenue sur le site de l&#039;AFAPA","publisher":{"@id":"https:\/\/www.afapa.eu\/#organization"},"potentialAction":[{"@type":"SearchAction","target":{"@type":"EntryPoint","urlTemplate":"https:\/\/www.afapa.eu\/?s={search_term_string}"},"query-input":{"@type":"PropertyValueSpecification","valueRequired":true,"valueName":"search_term_string"}}],"inLanguage":"en-GB"},{"@type":"Organization","@id":"https:\/\/www.afapa.eu\/#organization","name":"AFAPA","alternateName":"AFAPA","url":"https:\/\/www.afapa.eu\/","logo":{"@type":"ImageObject","inLanguage":"en-GB","@id":"https:\/\/www.afapa.eu\/#\/schema\/logo\/image\/","url":"https:\/\/www.afapa.eu\/wp-content\/uploads\/2023\/03\/logo_afapa.png","contentUrl":"https:\/\/www.afapa.eu\/wp-content\/uploads\/2023\/03\/logo_afapa.png","width":1206,"height":390,"caption":"AFAPA"},"image":{"@id":"https:\/\/www.afapa.eu\/#\/schema\/logo\/image\/"}}]}},"_links":{"self":[{"href":"https:\/\/www.afapa.eu\/en\/wp-json\/wp\/v2\/pages\/5941","targetHints":{"allow":["GET"]}}],"collection":[{"href":"https:\/\/www.afapa.eu\/en\/wp-json\/wp\/v2\/pages"}],"about":[{"href":"https:\/\/www.afapa.eu\/en\/wp-json\/wp\/v2\/types\/page"}],"author":[{"embeddable":true,"href":"https:\/\/www.afapa.eu\/en\/wp-json\/wp\/v2\/users\/2"}],"replies":[{"embeddable":true,"href":"https:\/\/www.afapa.eu\/en\/wp-json\/wp\/v2\/comments?post=5941"}],"version-history":[{"count":15,"href":"https:\/\/www.afapa.eu\/en\/wp-json\/wp\/v2\/pages\/5941\/revisions"}],"predecessor-version":[{"id":5966,"href":"https:\/\/www.afapa.eu\/en\/wp-json\/wp\/v2\/pages\/5941\/revisions\/5966"}],"wp:attachment":[{"href":"https:\/\/www.afapa.eu\/en\/wp-json\/wp\/v2\/media?parent=5941"}],"curies":[{"name":"wp","href":"https:\/\/api.w.org\/{rel}","templated":true}]}}